{"id":3995,"date":"2018-06-29T15:42:46","date_gmt":"2018-06-29T13:42:46","guid":{"rendered":"http:\/\/new.fromagerie.it\/prodotto\/tomme-fraiche-au-lait-de-vache\/"},"modified":"2018-08-07T16:41:32","modified_gmt":"2018-08-07T14:41:32","slug":"tomme-fraiche-au-lait-de-vache","status":"publish","type":"product","link":"https:\/\/www.fromagerie.it\/fr\/prodotto\/tomme-fraiche-au-lait-de-vache\/","title":{"rendered":"Tomme fra\u00eeche au lait de vache"},"content":{"rendered":"<p>&nbsp;<\/p>\n<h6><strong>Description<\/strong><\/h6>\n<ul>\n<li><strong>Forme\u00a0<\/strong>: deux faces plates, avec un diam\u00e8tre de 20 \u00e0 25 cm, un talon de 2 \u00e0 3 cm l\u00e9g\u00e8rement convexe.<\/li>\n<li><strong>Cro\u00fbte\u00a0<\/strong>: molle et \u00e9lastique, de couleur blanche. Cro\u00fbte NON comestible.<\/li>\n<li><strong>Saveur\u00a0<\/strong>: caract\u00e9ristique du bon lait entier, diff\u00e9rente suivant l\u2019altitude \u00e0 laquelle se trouvent les vaches.<\/li>\n<\/ul>\n<p>&nbsp;<\/p>\n<h6><strong>Caract\u00e9ristiques<\/strong><\/h6>\n<ul>\n<li><strong>Ingr\u00e9dients\u00a0<\/strong>: <strong>lait, <\/strong>sel, ferments lactiques.<\/li>\n<li><strong>Allerg\u00e8nes\u00a0<\/strong>: lait.<\/li>\n<li><strong>Certification\u00a0<\/strong>: cachet CE IT 02 129 CE.<\/li>\n<li><strong>Transport\u00a0<\/strong>: conserver \u00e0 temp\u00e9rature inf\u00e9rieure \u00e0 4\u00b0C.<\/li>\n<li><strong>Caract\u00e9ristiques microbiologiques\u00a0<\/strong>: conformes au REG CE 2073-05 et successives modifications pour les fromages au lait pasteuris\u00e9.<\/li>\n<\/ul>\n<p>&nbsp;<\/p>\n<h6><strong>Confection<\/strong><\/h6>\n<ul>\n<li><strong>Produit\u00a0<\/strong>: disponible en forme enti\u00e8re, en portions, en portions sous vide.<\/li>\n<li><strong>Confection <\/strong>: unit\u00e9 de confection\u00a0: forme envelopp\u00e9e dans du film alimentaire et confectionn\u00e9e dans du papier alimentaire. Unit\u00e9 d\u2019emballage\u00a0: une ou deux confections par carton.<\/li>\n<li><strong>Poids net par unit\u00e9 de confection\u00a0<\/strong>: de 300 gr \u00e0 2,5 kg.<\/li>\n<\/ul>\n","protected":false},"excerpt":{"rendered":"<p>Fromage frais au lait pasteuris\u00e9, affin\u00e9 pendant environ 20 jours.<\/p>\n","protected":false},"featured_media":3996,"template":"","meta":{"_et_pb_use_builder":"","_et_pb_old_content":"","_et_gb_content_width":""},"product_brand":[],"product_cat":[126],"product_tag":[],"class_list":{"0":"post-3995","1":"product","2":"type-product","3":"status-publish","4":"has-post-thumbnail","6":"product_cat-fromages","8":"first","9":"instock","10":"taxable","11":"shipping-taxable","12":"purchasable","13":"product-type-variable"},"_links":{"self":[{"href":"https:\/\/www.fromagerie.it\/fr\/wp-json\/wp\/v2\/product\/3995","targetHints":{"allow":["GET"]}}],"collection":[{"href":"https:\/\/www.fromagerie.it\/fr\/wp-json\/wp\/v2\/product"}],"about":[{"href":"https:\/\/www.fromagerie.it\/fr\/wp-json\/wp\/v2\/types\/product"}],"wp:featuredmedia":[{"embeddable":true,"href":"https:\/\/www.fromagerie.it\/fr\/wp-json\/wp\/v2\/media\/3996"}],"wp:attachment":[{"href":"https:\/\/www.fromagerie.it\/fr\/wp-json\/wp\/v2\/media?parent=3995"}],"wp:term":[{"taxonomy":"product_brand","embeddable":true,"href":"https:\/\/www.fromagerie.it\/fr\/wp-json\/wp\/v2\/product_brand?post=3995"},{"taxonomy":"product_cat","embeddable":true,"href":"https:\/\/www.fromagerie.it\/fr\/wp-json\/wp\/v2\/product_cat?post=3995"},{"taxonomy":"product_tag","embeddable":true,"href":"https:\/\/www.fromagerie.it\/fr\/wp-json\/wp\/v2\/product_tag?post=3995"}],"curies":[{"name":"wp","href":"https:\/\/api.w.org\/{rel}","templated":true}]}}