{"id":3876,"date":"2018-05-21T10:51:09","date_gmt":"2018-05-21T08:51:09","guid":{"rendered":"http:\/\/new.fromagerie.it\/prodotto\/primosale\/"},"modified":"2020-04-09T22:29:22","modified_gmt":"2020-04-09T20:29:22","slug":"primosale","status":"publish","type":"product","link":"https:\/\/www.fromagerie.it\/fr\/prodotto\/primosale\/","title":{"rendered":"Primosale"},"content":{"rendered":"<p>&nbsp;<\/p>\n<h6><strong>Description<\/strong><\/h6>\n<ul>\n<li><strong>Forme\u00a0<\/strong>: cylindrique, aplatie, avec moletage typique.<\/li>\n<li><strong>P\u00e2te\u00a0<\/strong>: molle, fra\u00eeche, blanche.<\/li>\n<li><strong>Saveur\u00a0<\/strong>: agr\u00e9able au palais, doux, au lait frais.<\/li>\n<\/ul>\n<p>&nbsp;<\/p>\n<h6><strong>Caract\u00e9ristiques<\/strong><\/h6>\n<ul>\n<li><strong>Ingr\u00e9dients\u00a0<\/strong>: lait, sel, ferments lactiques, pr\u00e9sure.<\/li>\n<li><strong>Allerg\u00e8nes\u00a0<\/strong>: lait.<\/li>\n<li><strong>Certification\u00a0<\/strong>: cachet CE IT 02 129 CE.<\/li>\n<li><strong>Transport\u00a0<\/strong>: conserver \u00e0 temp\u00e9rature inf\u00e9rieure \u00e0 4\u00b0C.<\/li>\n<li><strong>Caract\u00e9ristiques microbiologiques\u00a0<\/strong>: conformes au REG CE 2073-05 et successives modifications pour les fromages au lait pasteuris\u00e9.<\/li>\n<\/ul>\n<p>&nbsp;<\/p>\n<h6><strong>Confection<\/strong><\/h6>\n<ul>\n<li><strong>Produit\u00a0<\/strong>: disponible confectionn\u00e9 en barquette.<\/li>\n<li><strong>Confection\u00a0<\/strong>: unit\u00e9 de confection\u00a0: un morceau par barquette.<\/li>\n<li><strong>Poids net par unit\u00e9 de confection\u00a0<\/strong>: environ 300 gr par barquette.<\/li>\n<\/ul>\n","protected":false},"excerpt":{"rendered":"<p>Tout le go\u00fbt et la douceur du lait de montagne renferm\u00e9 dans ce fromage frais.<\/p>\n","protected":false},"featured_media":1330,"template":"","meta":{"_et_pb_use_builder":"","_et_pb_old_content":"","_et_gb_content_width":""},"product_brand":[],"product_cat":[126],"product_tag":[],"class_list":{"0":"post-3876","1":"product","2":"type-product","3":"status-publish","4":"has-post-thumbnail","6":"product_cat-fromages","8":"first","9":"outofstock","10":"taxable","11":"shipping-taxable","12":"purchasable","13":"product-type-variable"},"_links":{"self":[{"href":"https:\/\/www.fromagerie.it\/fr\/wp-json\/wp\/v2\/product\/3876","targetHints":{"allow":["GET"]}}],"collection":[{"href":"https:\/\/www.fromagerie.it\/fr\/wp-json\/wp\/v2\/product"}],"about":[{"href":"https:\/\/www.fromagerie.it\/fr\/wp-json\/wp\/v2\/types\/product"}],"wp:featuredmedia":[{"embeddable":true,"href":"https:\/\/www.fromagerie.it\/fr\/wp-json\/wp\/v2\/media\/1330"}],"wp:attachment":[{"href":"https:\/\/www.fromagerie.it\/fr\/wp-json\/wp\/v2\/media?parent=3876"}],"wp:term":[{"taxonomy":"product_brand","embeddable":true,"href":"https:\/\/www.fromagerie.it\/fr\/wp-json\/wp\/v2\/product_brand?post=3876"},{"taxonomy":"product_cat","embeddable":true,"href":"https:\/\/www.fromagerie.it\/fr\/wp-json\/wp\/v2\/product_cat?post=3876"},{"taxonomy":"product_tag","embeddable":true,"href":"https:\/\/www.fromagerie.it\/fr\/wp-json\/wp\/v2\/product_tag?post=3876"}],"curies":[{"name":"wp","href":"https:\/\/api.w.org\/{rel}","templated":true}]}}