{"id":3869,"date":"2018-05-18T12:16:40","date_gmt":"2018-05-18T10:16:40","guid":{"rendered":"http:\/\/new.fromagerie.it\/prodotto\/panna-cotta\/"},"modified":"2018-05-18T12:16:40","modified_gmt":"2018-05-18T10:16:40","slug":"panna-cotta","status":"publish","type":"product","link":"https:\/\/www.fromagerie.it\/fr\/prodotto\/panna-cotta\/","title":{"rendered":"Panna cotta"},"content":{"rendered":"<p>&nbsp;<\/p>\n<h6><strong>Description<\/strong><\/h6>\n<ul>\n<li><strong>Forme<\/strong>: compacte et velout\u00e9e.<\/li>\n<li><strong>Saveur<\/strong>: caract\u00e9ristique de la \u00ab\u00a0panna cotta\u00a0\u00bb avec go\u00fbt blanc, caramel et fraise.<\/li>\n<li><strong>Dur\u00e9e de conservation<\/strong>: 20 jours.<\/li>\n<\/ul>\n<p>&nbsp;<\/p>\n<h6><strong>Caract\u00e9ristiques<\/strong><\/h6>\n<ul>\n<li><strong>Ingr\u00e9dients<\/strong>: cr\u00e8me fra\u00eeche pasteuris\u00e9e, lait, sucre semoule, g\u00e9latine, ar\u00f4me vanille. Pour les go\u00fbts\u00a0: caramel et fraise pr\u00e9par\u00e9s.<\/li>\n<li><strong>Allerg\u00e8ne<\/strong>: lait.<\/li>\n<li><strong>Certification<\/strong>: cachet CE IT 02 129 CE.<\/li>\n<li><strong>Transport<\/strong>: conserver \u00e0 temp\u00e9rature inf\u00e9rieure \u00e0 4\u00b0C.<\/li>\n<li><strong>Caract\u00e9ristiques microbiologiques<\/strong>: conformes au REG CE 2073-05 et successives modifications<\/li>\n<\/ul>\n<p>&nbsp;<\/p>\n<h6><strong>Confection<\/strong><\/h6>\n<ul>\n<li><strong>Produit<\/strong>: unit\u00e9 de confection: petits pots en PET. 25 unit\u00e9s (130 g) par carton.<\/li>\n<li><strong>Poids net par unit\u00e9 de confection<\/strong>: 130 g.<\/li>\n<\/ul>\n","protected":false},"excerpt":{"rendered":"<p>Dessert traditionnel \u00e0 la cuill\u00e8re \u00e0 base de cr\u00e8me fra\u00eeche.<\/p>\n","protected":false},"featured_media":1207,"template":"","meta":{"_et_pb_use_builder":"","_et_pb_old_content":"","_et_gb_content_width":""},"product_brand":[],"product_cat":[127],"product_tag":[],"class_list":{"0":"post-3869","1":"product","2":"type-product","3":"status-publish","4":"has-post-thumbnail","6":"product_cat-gourmandise","8":"first","9":"instock","10":"taxable","11":"shipping-taxable","12":"purchasable","13":"product-type-variable"},"_links":{"self":[{"href":"https:\/\/www.fromagerie.it\/fr\/wp-json\/wp\/v2\/product\/3869","targetHints":{"allow":["GET"]}}],"collection":[{"href":"https:\/\/www.fromagerie.it\/fr\/wp-json\/wp\/v2\/product"}],"about":[{"href":"https:\/\/www.fromagerie.it\/fr\/wp-json\/wp\/v2\/types\/product"}],"wp:featuredmedia":[{"embeddable":true,"href":"https:\/\/www.fromagerie.it\/fr\/wp-json\/wp\/v2\/media\/1207"}],"wp:attachment":[{"href":"https:\/\/www.fromagerie.it\/fr\/wp-json\/wp\/v2\/media?parent=3869"}],"wp:term":[{"taxonomy":"product_brand","embeddable":true,"href":"https:\/\/www.fromagerie.it\/fr\/wp-json\/wp\/v2\/product_brand?post=3869"},{"taxonomy":"product_cat","embeddable":true,"href":"https:\/\/www.fromagerie.it\/fr\/wp-json\/wp\/v2\/product_cat?post=3869"},{"taxonomy":"product_tag","embeddable":true,"href":"https:\/\/www.fromagerie.it\/fr\/wp-json\/wp\/v2\/product_tag?post=3869"}],"curies":[{"name":"wp","href":"https:\/\/api.w.org\/{rel}","templated":true}]}}