{"id":2542,"date":"2018-05-15T16:19:34","date_gmt":"2018-05-15T14:19:34","guid":{"rendered":"http:\/\/new.fromagerie.it\/il-negozio\/"},"modified":"2025-07-30T14:32:30","modified_gmt":"2025-07-30T12:32:30","slug":"magasins-dentreprise","status":"publish","type":"page","link":"https:\/\/www.fromagerie.it\/fr\/magasins-dentreprise\/","title":{"rendered":"Magasins d\u2019entreprise"},"content":{"rendered":"<p>[et_pb_section fb_built=&#8221;1&#8243; _builder_version=&#8221;4.16&#8243; background_color=&#8221;#e8b10d&#8221; use_background_color_gradient=&#8221;on&#8221; background_color_gradient_stops=&#8221;#e8b10d 0%|#c99b04 100%&#8221; background_color_gradient_start=&#8221;#e8b10d&#8221; background_color_gradient_end=&#8221;#c99b04&#8243; custom_padding=&#8221;40px|0px|30px|0px|false|false&#8221; global_colors_info=&#8221;{}&#8221;][et_pb_row _builder_version=&#8221;4.16&#8243; background_size=&#8221;initial&#8221; background_position=&#8221;top_left&#8221; background_repeat=&#8221;repeat&#8221; use_custom_width=&#8221;on&#8221; custom_width_px=&#8221;1200px&#8221; global_colors_info=&#8221;{}&#8221;][et_pb_column type=&#8221;4_4&#8243; _builder_version=&#8221;4.16&#8243; custom_padding=&#8221;|||&#8221; global_colors_info=&#8221;{}&#8221; custom_padding__hover=&#8221;|||&#8221;][et_pb_text admin_label=&#8221;Magasins d\u2019entreprise&#8221; module_class=&#8221;titolopagina&#8221; _builder_version=&#8221;4.16&#8243; text_text_color=&#8221;#333333&#8243; header_text_color=&#8221;#ffffff&#8221; header_font_size=&#8221;65px&#8221; custom_margin=&#8221;||5px|&#8221; header_font_size_tablet=&#8221;55px&#8221; header_font_size_phone=&#8221;45px&#8221; header_font_size_last_edited=&#8221;on|phone&#8221; global_colors_info=&#8221;{}&#8221;]<\/p>\n<h1>Magasins d\u2019entreprise<\/h1>\n<p>[\/et_pb_text][\/et_pb_column][\/et_pb_row][\/et_pb_section][et_pb_section fb_built=&#8221;1&#8243; specialty=&#8221;on&#8221; background_color_2=&#8221;#f9f9f9&#8243; padding_right_2=&#8221;30px&#8221; padding_bottom_2=&#8221;30px&#8221; padding_left_2=&#8221;30px&#8221; padding_2_tablet=&#8221;20px|20px|0px|20px&#8221; padding_2_phone=&#8221;&#8221; padding_2_last_edited=&#8221;on|desktop&#8221; _builder_version=&#8221;4.16&#8243; global_colors_info=&#8221;{}&#8221;][et_pb_column type=&#8221;2_3&#8243; specialty_columns=&#8221;2&#8243; _builder_version=&#8221;4.16&#8243; custom_padding=&#8221;|||&#8221; global_colors_info=&#8221;{}&#8221; custom_padding__hover=&#8221;|||&#8221;][et_pb_row_inner admin_label=&#8221;Riga&#8221; _builder_version=&#8221;4.16&#8243; global_colors_info=&#8221;{}&#8221;][et_pb_column_inner saved_specialty_column_type=&#8221;2_3&#8243; _builder_version=&#8221;4.16&#8243; custom_padding=&#8221;|||&#8221; global_colors_info=&#8221;{}&#8221; custom_padding__hover=&#8221;|||&#8221;][et_pb_text admin_label=&#8221;Fromages et produits typiques vald\u00f4tains&#8221; module_class=&#8221;titoloparagrafo&#8221; _builder_version=&#8221;4.16&#8243; custom_margin=&#8221;||5px|&#8221; global_colors_info=&#8221;{}&#8221;]<\/p>\n<h2>Fromages et produits typiques vald\u00f4tains<\/h2>\n<p>[\/et_pb_text][et_pb_text admin_label=&#8221;Cr\u00e9\u00e9 sur un mod\u00e8le en &#8230;&#8221; _builder_version=&#8221;4.16&#8243; custom_margin=&#8221;|||&#8221; global_colors_info=&#8221;{}&#8221;]Cr\u00e9\u00e9 sur un mod\u00e8le en apparence simple, le si\u00e8ge de la Fromagerie rec\u00e8le en r\u00e9alit\u00e9 en son int\u00e9rieur, la fascinante union entre histoire et futur, entre tradition et innovation.<br \/>\nOn ne vient pas simplement \u00e0 la Fromagerie pour y faire ses courses mais aussi parce qu\u2019on partage une id\u00e9e de fili\u00e8re qui d\u00e9cline la volont\u00e9 de produire des fromages de qualit\u00e9, ainsi qu\u2019une volont\u00e9 de promotion de la culture d\u2019une bonne alimentation par le biais de proposition de commercialisation d\u2019autres produits typiques, d\u2019initiatives culturelles, de d\u00e9gustations, d\u2019approfondissements de th\u00e8mes li\u00e9s \u00e0 la tradition gastronomique du Val d\u2019Ayas.<br \/>\n[\/et_pb_text][\/et_pb_column_inner][\/et_pb_row_inner][et_pb_row_inner admin_label=&#8221;Riga&#8221; _builder_version=&#8221;4.16&#8243; global_colors_info=&#8221;{}&#8221;][et_pb_column_inner saved_specialty_column_type=&#8221;2_3&#8243; _builder_version=&#8221;4.16&#8243; custom_padding=&#8221;|||&#8221; global_colors_info=&#8221;{}&#8221; custom_padding__hover=&#8221;|||&#8221;][et_pb_image src=&#8221;https:\/\/www.fromagerie.it\/wp-content\/uploads\/2018\/06\/04-fromagerie-haut-val-ayas-negozio.jpg&#8221; alt=&#8221;Fromagerie Haut Val d&#8217;Ayas&#8221; title_text=&#8221;Fromagerie Haut Val d&#8217;Ayas&#8221; show_in_lightbox=&#8221;on&#8221; align_tablet=&#8221;center&#8221; align_phone=&#8221;center&#8221; align_last_edited=&#8221;on|desktop&#8221; _builder_version=&#8221;4.16&#8243; global_colors_info=&#8221;{}&#8221;]&nbsp;<br \/>\n[\/et_pb_image][\/et_pb_column_inner][\/et_pb_row_inner][\/et_pb_column][et_pb_column type=&#8221;1_3&#8243; _builder_version=&#8221;4.16&#8243; custom_padding=&#8221;|||&#8221; global_colors_info=&#8221;{}&#8221; custom_padding__hover=&#8221;|||&#8221;][et_pb_text admin_label=&#8221;Titolo del paragrafo&#8221; _builder_version=&#8221;4.16&#8243; text_font_size=&#8221;30px&#8221; header_font_size=&#8221;49px&#8221; header_2_font_size=&#8221;30px&#8221; custom_margin=&#8221;10px||20px|&#8221; saved_tabs=&#8221;all&#8221; global_colors_info=&#8221;{}&#8221;]<\/p>\n<h2 style=\"text-align: center;\">Produits en vedette<\/h2>\n<p>[\/et_pb_text][et_pb_shop type=&#8221;product_category&#8221; posts_number=&#8221;2&#8243; include_categories=&#8221;126,127,128&#8243; columns_number=&#8221;1&#8243; orderby=&#8221;rand&#8221; _builder_version=&#8221;4.16&#8243; custom_margin=&#8221;||0px|&#8221; custom_margin_tablet=&#8221;&#8221; custom_margin_phone=&#8221;&#8221; custom_margin_last_edited=&#8221;on|phone&#8221; saved_tabs=&#8221;all&#8221; global_colors_info=&#8221;{}&#8221;][\/et_pb_shop][et_pb_button button_url=&#8221;\/fr\/negozio&#8221; button_text=&#8221;Tous les produits&#8221; button_alignment=&#8221;center&#8221; module_class=&#8221;pulsante&#8221; _builder_version=&#8221;4.16&#8243; custom_button=&#8221;on&#8221; button_text_size=&#8221;18&#8243; button_text_color=&#8221;#ffffff&#8221; button_bg_color=&#8221;#B5452C&#8221; button_border_width=&#8221;0&#8243; button_border_color=&#8221;#53ad51&#8243; button_border_radius=&#8221;0px&#8221; button_icon=&#8221;&#xe013;||divi||400&#8243; custom_margin=&#8221;||30px|&#8221; saved_tabs=&#8221;all&#8221; global_colors_info=&#8221;{}&#8221; button_text_size__hover_enabled=&#8221;off&#8221; button_one_text_size__hover_enabled=&#8221;off&#8221; button_two_text_size__hover_enabled=&#8221;off&#8221; button_text_color__hover_enabled=&#8221;off&#8221; button_one_text_color__hover_enabled=&#8221;off&#8221; button_two_text_color__hover_enabled=&#8221;off&#8221; button_border_width__hover_enabled=&#8221;off&#8221; button_one_border_width__hover_enabled=&#8221;off&#8221; button_two_border_width__hover_enabled=&#8221;off&#8221; button_border_color__hover_enabled=&#8221;off&#8221; button_one_border_color__hover_enabled=&#8221;off&#8221; button_two_border_color__hover_enabled=&#8221;off&#8221; button_border_radius__hover_enabled=&#8221;off&#8221; button_one_border_radius__hover_enabled=&#8221;off&#8221; button_two_border_radius__hover_enabled=&#8221;off&#8221; button_letter_spacing__hover_enabled=&#8221;off&#8221; button_one_letter_spacing__hover_enabled=&#8221;off&#8221; button_two_letter_spacing__hover_enabled=&#8221;off&#8221; button_bg_color__hover_enabled=&#8221;off&#8221; button_one_bg_color__hover_enabled=&#8221;off&#8221; button_two_bg_color__hover_enabled=&#8221;off&#8221;]&nbsp;<br \/>\n[\/et_pb_button][\/et_pb_column][\/et_pb_section][et_pb_section fb_built=&#8221;1&#8243; _builder_version=&#8221;4.16&#8243; custom_padding=&#8221;0|0px|60px|0px|false|false&#8221; global_colors_info=&#8221;{}&#8221;][et_pb_row _builder_version=&#8221;4.16&#8243; width=&#8221;100%&#8221; max_width=&#8221;100%&#8221; use_custom_width=&#8221;on&#8221; width_unit=&#8221;off&#8221; custom_width_percent=&#8221;100%&#8221; global_colors_info=&#8221;{}&#8221;][et_pb_column type=&#8221;4_4&#8243; _builder_version=&#8221;4.16&#8243; custom_padding=&#8221;|||&#8221; global_colors_info=&#8221;{}&#8221; custom_padding__hover=&#8221;|||&#8221;][et_pb_wm_gallery id=&#8221;1628&#8243; _builder_version=&#8221;4.16&#8243; text_font_size_tablet=&#8221;51&#8243; text_line_height_tablet=&#8221;51&#8243; global_colors_info=&#8221;{}&#8221;]\u00a0<br \/>\n[\/et_pb_wm_gallery][\/et_pb_column][\/et_pb_row][\/et_pb_section]<\/p>\n","protected":false},"excerpt":{"rendered":"<p>Magasins d\u2019entreprise Fromages et produits typiques vald\u00f4tains Cr\u00e9\u00e9 sur un mod\u00e8le en apparence simple, le si\u00e8ge de la Fromagerie rec\u00e8le en r\u00e9alit\u00e9 en son int\u00e9rieur, la fascinante union entre histoire et futur, entre tradition et innovation. On ne vient pas simplement \u00e0 la Fromagerie pour y faire ses courses mais aussi parce qu\u2019on partage une [&hellip;]<\/p>\n","protected":false},"author":1,"featured_media":0,"parent":0,"menu_order":0,"comment_status":"closed","ping_status":"open","template":"","meta":{"_et_pb_use_builder":"on","_et_pb_old_content":"[woocommerce_product_search]","_et_gb_content_width":"","footnotes":""},"class_list":["post-2542","page","type-page","status-publish","hentry"],"_links":{"self":[{"href":"https:\/\/www.fromagerie.it\/fr\/wp-json\/wp\/v2\/pages\/2542","targetHints":{"allow":["GET"]}}],"collection":[{"href":"https:\/\/www.fromagerie.it\/fr\/wp-json\/wp\/v2\/pages"}],"about":[{"href":"https:\/\/www.fromagerie.it\/fr\/wp-json\/wp\/v2\/types\/page"}],"author":[{"embeddable":true,"href":"https:\/\/www.fromagerie.it\/fr\/wp-json\/wp\/v2\/users\/1"}],"replies":[{"embeddable":true,"href":"https:\/\/www.fromagerie.it\/fr\/wp-json\/wp\/v2\/comments?post=2542"}],"version-history":[{"count":4,"href":"https:\/\/www.fromagerie.it\/fr\/wp-json\/wp\/v2\/pages\/2542\/revisions"}],"predecessor-version":[{"id":10050,"href":"https:\/\/www.fromagerie.it\/fr\/wp-json\/wp\/v2\/pages\/2542\/revisions\/10050"}],"wp:attachment":[{"href":"https:\/\/www.fromagerie.it\/fr\/wp-json\/wp\/v2\/media?parent=2542"}],"curies":[{"name":"wp","href":"https:\/\/api.w.org\/{rel}","templated":true}]}}