{"id":2524,"date":"2018-05-15T16:13:54","date_gmt":"2018-05-15T14:13:54","guid":{"rendered":"http:\/\/new.fromagerie.it\/la-filosofia\/"},"modified":"2022-08-29T13:40:52","modified_gmt":"2022-08-29T11:40:52","slug":"la-philosophie","status":"publish","type":"page","link":"https:\/\/www.fromagerie.it\/fr\/la-philosophie\/","title":{"rendered":"La philosophie"},"content":{"rendered":"<p>[et_pb_section fb_built=&#8221;1&#8243; _builder_version=&#8221;4.16&#8243; background_color=&#8221;#e8b10d&#8221; use_background_color_gradient=&#8221;on&#8221; background_color_gradient_stops=&#8221;#e8b10d 0%|#c99b04 100%&#8221; background_color_gradient_start=&#8221;#e8b10d&#8221; background_color_gradient_end=&#8221;#c99b04&#8243; custom_padding=&#8221;40px|0px|30px|0px|false|false&#8221; global_colors_info=&#8221;{}&#8221;][et_pb_row _builder_version=&#8221;4.16&#8243; background_size=&#8221;initial&#8221; background_position=&#8221;top_left&#8221; background_repeat=&#8221;repeat&#8221; use_custom_width=&#8221;on&#8221; custom_width_px=&#8221;1200px&#8221; global_colors_info=&#8221;{}&#8221;][et_pb_column type=&#8221;4_4&#8243; _builder_version=&#8221;4.16&#8243; custom_padding=&#8221;|||&#8221; global_colors_info=&#8221;{}&#8221; custom_padding__hover=&#8221;|||&#8221;][et_pb_text admin_label=&#8221;La philosophie&#8221; module_class=&#8221;titolopagina&#8221; _builder_version=&#8221;4.16&#8243; text_text_color=&#8221;#333333&#8243; header_text_color=&#8221;#ffffff&#8221; header_font_size=&#8221;65px&#8221; custom_margin=&#8221;||5px|&#8221; header_font_size_tablet=&#8221;55px&#8221; header_font_size_phone=&#8221;45px&#8221; header_font_size_last_edited=&#8221;on|phone&#8221; global_colors_info=&#8221;{}&#8221;]<\/p>\n<h1>La philosophie<\/h1>\n<p>[\/et_pb_text][\/et_pb_column][\/et_pb_row][\/et_pb_section][et_pb_section fb_built=&#8221;1&#8243; specialty=&#8221;on&#8221; background_color_2=&#8221;#f9f9f9&#8243; padding_right_2=&#8221;30px&#8221; padding_bottom_2=&#8221;30px&#8221; padding_left_2=&#8221;30px&#8221; padding_2_tablet=&#8221;20px|20px|0px|20px&#8221; padding_2_phone=&#8221;&#8221; padding_2_last_edited=&#8221;on|desktop&#8221; _builder_version=&#8221;4.16&#8243; global_colors_info=&#8221;{}&#8221;][et_pb_column type=&#8221;2_3&#8243; specialty_columns=&#8221;2&#8243; _builder_version=&#8221;4.16&#8243; custom_padding=&#8221;|||&#8221; global_colors_info=&#8221;{}&#8221; custom_padding__hover=&#8221;|||&#8221;][et_pb_row_inner admin_label=&#8221;Riga&#8221; _builder_version=&#8221;4.16&#8243; global_colors_info=&#8221;{}&#8221;][et_pb_column_inner saved_specialty_column_type=&#8221;2_3&#8243; _builder_version=&#8221;4.16&#8243; custom_padding=&#8221;|||&#8221; global_colors_info=&#8221;{}&#8221; custom_padding__hover=&#8221;|||&#8221;][et_pb_text admin_label=&#8221;Mission&#8221; module_class=&#8221;titoloparagrafo&#8221; _builder_version=&#8221;4.16&#8243; custom_margin=&#8221;||5px|&#8221; global_colors_info=&#8221;{}&#8221;]<\/p>\n<h2>Mission<\/h2>\n<p>[\/et_pb_text][et_pb_text admin_label=&#8221;Valoriser la production agricole &#8230;&#8221; _builder_version=&#8221;4.16&#8243; custom_margin=&#8221;|||&#8221; global_colors_info=&#8221;{}&#8221;]Valoriser la production agricole du territoire sous toutes ses formes, en r\u00e9alisant des produits laitiers de grande qualit\u00e9 tout en restant \u00e0 la recherche continue d\u2019innovation du produit, du processus de fabrication et des services, dans le respect de la tradition et des valeurs de la culture paysanne ancestrale.<br \/>\n[\/et_pb_text][\/et_pb_column_inner][\/et_pb_row_inner][et_pb_row_inner admin_label=&#8221;Riga&#8221; _builder_version=&#8221;4.16&#8243; global_colors_info=&#8221;{}&#8221;][et_pb_column_inner saved_specialty_column_type=&#8221;2_3&#8243; _builder_version=&#8221;4.16&#8243; custom_padding=&#8221;|||&#8221; global_colors_info=&#8221;{}&#8221; custom_padding__hover=&#8221;|||&#8221;][et_pb_video src=&#8221;https:\/\/www.youtube.com\/watch?v=s5n4vL1UeG0&#8243; _builder_version=&#8221;4.16&#8243; z_index_tablet=&#8221;500&#8243; box_shadow_horizontal_tablet=&#8221;0px&#8221; box_shadow_vertical_tablet=&#8221;0px&#8221; box_shadow_blur_tablet=&#8221;40px&#8221; box_shadow_spread_tablet=&#8221;0px&#8221; global_colors_info=&#8221;{}&#8221;][\/et_pb_video][\/et_pb_column_inner][\/et_pb_row_inner][et_pb_row_inner admin_label=&#8221;Riga&#8221; _builder_version=&#8221;4.16&#8243; global_colors_info=&#8221;{}&#8221;][et_pb_column_inner saved_specialty_column_type=&#8221;2_3&#8243; _builder_version=&#8221;4.16&#8243; custom_padding=&#8221;|||&#8221; global_colors_info=&#8221;{}&#8221; custom_padding__hover=&#8221;|||&#8221;][et_pb_text admin_label=&#8221;Recettes ancestrales et un brin d\u2019interpr\u00e9tation personnelle&#8221; module_class=&#8221;titoloparagrafo&#8221; _builder_version=&#8221;4.16&#8243; custom_margin=&#8221;||5px|&#8221; global_colors_info=&#8221;{}&#8221;]<\/p>\n<h2>Recettes ancestrales et un brin d\u2019interpr\u00e9tation personnelle<\/h2>\n<p>[\/et_pb_text][et_pb_text admin_label=&#8221;Manger des produits &#8230;&#8221; _builder_version=&#8221;4.16&#8243; custom_margin=&#8221;|||&#8221; global_colors_info=&#8221;{}&#8221;]Manger des produits naturels signifie s\u2019\u00e9mouvoir et s\u2019\u00e9merveiller \u00e0 la fois devant les go\u00fbts et les saveurs que la nature nous fournit. C\u2019est pourquoi, sans rien inventer, nous produisons des fromages et des produits laitiers simples et naturels, en suivant la recette ancestrale qui, depuis des milliers d\u2019ann\u00e9es, accompagne l\u2019homme, avec toutefois un brin d\u2019interpr\u00e9tation personnelle qui fait de nos produits des produits uniques en leur genre et particuliers.<\/p>\n<p>Notre secret ne r\u00e9side en effet pas dans la recette mais plut\u00f4t dans le soin m\u00e9ticuleux de la s\u00e9lection du meilleur lait, une authentique passion pour le travail et l\u2019absence totale de h\u00e2te qui laisse le temps aux ferments lactiques et \u00e0 la pr\u00e9sure d\u2019agir, pour transformer comme par magie le lait, sans avoir besoin de faire recours aux additifs de produits chimiques.<br \/>\n[\/et_pb_text][\/et_pb_column_inner][\/et_pb_row_inner][et_pb_row_inner admin_label=&#8221;Riga&#8221; _builder_version=&#8221;4.16&#8243; global_colors_info=&#8221;{}&#8221;][et_pb_column_inner saved_specialty_column_type=&#8221;2_3&#8243; _builder_version=&#8221;4.16&#8243; custom_padding=&#8221;|||&#8221; global_colors_info=&#8221;{}&#8221; custom_padding__hover=&#8221;|||&#8221;][et_pb_video src=&#8221;https:\/\/www.youtube.com\/watch?v=DyaelQp_xM4&#8243; _builder_version=&#8221;4.16&#8243; z_index_tablet=&#8221;500&#8243; box_shadow_horizontal_tablet=&#8221;0px&#8221; box_shadow_vertical_tablet=&#8221;0px&#8221; box_shadow_blur_tablet=&#8221;40px&#8221; box_shadow_spread_tablet=&#8221;0px&#8221; global_colors_info=&#8221;{}&#8221;][\/et_pb_video][\/et_pb_column_inner][\/et_pb_row_inner][et_pb_row_inner admin_label=&#8221;Riga&#8221; _builder_version=&#8221;4.16&#8243; global_colors_info=&#8221;{}&#8221;][et_pb_column_inner saved_specialty_column_type=&#8221;2_3&#8243; _builder_version=&#8221;4.16&#8243; custom_padding=&#8221;|||&#8221; global_colors_info=&#8221;{}&#8221; custom_padding__hover=&#8221;|||&#8221;][et_pb_text admin_label=&#8221;Km\u00d8&#8221; module_class=&#8221;titoloparagrafo&#8221; _builder_version=&#8221;4.16&#8243; custom_margin=&#8221;||5px|&#8221; global_colors_info=&#8221;{}&#8221;]<\/p>\n<h2>Km\u00d8<\/h2>\n<p>[\/et_pb_text][et_pb_text admin_label=&#8221;La vitrine des produits&#8221; _builder_version=&#8221;4.16&#8243; custom_margin=&#8221;|||&#8221; global_colors_info=&#8221;{}&#8221;]La vitrine des produits du terroir : du producteur local au consommateur final en passant par notre point de vente ou bien par le biais des restaurants locaux adh\u00e9rant \u00e0 l\u2019initiative. L\u2019objectif est toujours de valoriser la production agricole du territoire en faisant parcourir \u00e0 la mati\u00e8re premi\u00e8re (lait, viande\u2026) ou au produit fini (fromage, motsetta, l\u00e9gumes, petits fruits, miel\u2026) le moins de kilom\u00e8tres possibles et en donnant au consommateur final, en particulier au touriste, la possibilit\u00e9 de conna\u00eetre et de go\u00fbter le meilleur de la production alimentaire et gastronomique de la vall\u00e9e.<br \/>\n[\/et_pb_text][\/et_pb_column_inner][\/et_pb_row_inner][et_pb_row_inner admin_label=&#8221;Riga&#8221; _builder_version=&#8221;4.16&#8243; global_colors_info=&#8221;{}&#8221;][et_pb_column_inner saved_specialty_column_type=&#8221;2_3&#8243; _builder_version=&#8221;4.16&#8243; custom_padding=&#8221;|||&#8221; global_colors_info=&#8221;{}&#8221; custom_padding__hover=&#8221;|||&#8221;][et_pb_video src=&#8221;https:\/\/www.youtube.com\/watch?v=6zO85yp7iU8&#038;t=138s&#8221; _builder_version=&#8221;4.16&#8243; z_index_tablet=&#8221;500&#8243; box_shadow_horizontal_tablet=&#8221;0px&#8221; box_shadow_vertical_tablet=&#8221;0px&#8221; box_shadow_blur_tablet=&#8221;40px&#8221; box_shadow_spread_tablet=&#8221;0px&#8221; global_colors_info=&#8221;{}&#8221;][\/et_pb_video][\/et_pb_column_inner][\/et_pb_row_inner][et_pb_row_inner admin_label=&#8221;Riga&#8221; _builder_version=&#8221;4.16&#8243; global_colors_info=&#8221;{}&#8221;][et_pb_column_inner saved_specialty_column_type=&#8221;2_3&#8243; _builder_version=&#8221;4.16&#8243; custom_padding=&#8221;|||&#8221; global_colors_info=&#8221;{}&#8221; custom_padding__hover=&#8221;|||&#8221;][et_pb_text admin_label=&#8221;Entreprise certifi\u00e9e ISO 9001:2000&#8243; module_class=&#8221;titoloparagrafo&#8221; _builder_version=&#8221;4.16&#8243; custom_margin=&#8221;||5px|&#8221; global_colors_info=&#8221;{}&#8221;]<\/p>\n<h2>Entreprise certifi\u00e9e ISO 9001:2000<\/h2>\n<p>[\/et_pb_text][et_pb_text admin_label=&#8221;Par le sigle ISO 9001 on identifie &#8230;&#8221; _builder_version=&#8221;4.16&#8243; custom_margin=&#8221;|||&#8221; global_colors_info=&#8221;{}&#8221;]Par le sigle ISO 9001 on identifie une s\u00e9rie de normatives et de directives qui \u00e9manent de l\u2019Organisation internationale de normalisation (ISO) et d\u00e9finissent les conditions requises pour la r\u00e9alisation, au sein d\u2019une organisation, d\u2019un syst\u00e8me de gestion de la qualit\u00e9, ceci dans le but de mener ses processus internes, am\u00e9liorer le bon fonctionnement et l\u2019efficacit\u00e9 dans la r\u00e9alisation d\u2019un produit et dans la fourniture d\u2019un service, obtenir et am\u00e9liorer la satisfaction de la client\u00e8le.<br \/>\n[\/et_pb_text][\/et_pb_column_inner][\/et_pb_row_inner][\/et_pb_column][et_pb_column type=&#8221;1_3&#8243; _builder_version=&#8221;4.16&#8243; custom_padding=&#8221;|||&#8221; global_colors_info=&#8221;{}&#8221; custom_padding__hover=&#8221;|||&#8221;][et_pb_text admin_label=&#8221;Titolo del paragrafo&#8221; _builder_version=&#8221;4.16&#8243; text_font_size=&#8221;30px&#8221; header_font_size=&#8221;49px&#8221; header_2_font_size=&#8221;30px&#8221; custom_margin=&#8221;10px||20px|&#8221; saved_tabs=&#8221;all&#8221; global_colors_info=&#8221;{}&#8221;]<\/p>\n<h2 style=\"text-align: center;\">Produits en vedette<\/h2>\n<p>[\/et_pb_text][et_pb_shop type=&#8221;product_category&#8221; posts_number=&#8221;2&#8243; include_categories=&#8221;126,127,128&#8243; columns_number=&#8221;1&#8243; orderby=&#8221;rand&#8221; _builder_version=&#8221;4.16&#8243; custom_margin=&#8221;||0px|&#8221; custom_margin_tablet=&#8221;&#8221; custom_margin_phone=&#8221;&#8221; custom_margin_last_edited=&#8221;on|phone&#8221; saved_tabs=&#8221;all&#8221; global_colors_info=&#8221;{}&#8221;]&nbsp;<br \/>\n[\/et_pb_shop][et_pb_button button_url=&#8221;\/fr\/negozio&#8221; button_text=&#8221;Tous les produits&#8221; button_alignment=&#8221;center&#8221; module_class=&#8221;pulsante&#8221; _builder_version=&#8221;4.16&#8243; custom_button=&#8221;on&#8221; button_text_size=&#8221;18&#8243; button_text_color=&#8221;#ffffff&#8221; button_bg_color=&#8221;#B5452C&#8221; button_border_width=&#8221;0&#8243; button_border_color=&#8221;#53ad51&#8243; button_border_radius=&#8221;0px&#8221; button_icon=&#8221;&#xe013;||divi||400&#8243; custom_margin=&#8221;||30px|&#8221; saved_tabs=&#8221;all&#8221; global_colors_info=&#8221;{}&#8221; button_text_size__hover_enabled=&#8221;off&#8221; button_text_size__hover=&#8221;null&#8221; button_one_text_size__hover_enabled=&#8221;off&#8221; button_one_text_size__hover=&#8221;null&#8221; button_two_text_size__hover_enabled=&#8221;off&#8221; button_two_text_size__hover=&#8221;null&#8221; button_text_color__hover_enabled=&#8221;off&#8221; button_text_color__hover=&#8221;null&#8221; button_one_text_color__hover_enabled=&#8221;off&#8221; button_one_text_color__hover=&#8221;null&#8221; button_two_text_color__hover_enabled=&#8221;off&#8221; button_two_text_color__hover=&#8221;null&#8221; button_border_width__hover_enabled=&#8221;off&#8221; button_border_width__hover=&#8221;null&#8221; button_one_border_width__hover_enabled=&#8221;off&#8221; button_one_border_width__hover=&#8221;null&#8221; button_two_border_width__hover_enabled=&#8221;off&#8221; button_two_border_width__hover=&#8221;null&#8221; button_border_color__hover_enabled=&#8221;off&#8221; button_border_color__hover=&#8221;null&#8221; button_one_border_color__hover_enabled=&#8221;off&#8221; button_one_border_color__hover=&#8221;null&#8221; button_two_border_color__hover_enabled=&#8221;off&#8221; button_two_border_color__hover=&#8221;null&#8221; button_border_radius__hover_enabled=&#8221;off&#8221; button_border_radius__hover=&#8221;null&#8221; button_one_border_radius__hover_enabled=&#8221;off&#8221; button_one_border_radius__hover=&#8221;null&#8221; button_two_border_radius__hover_enabled=&#8221;off&#8221; button_two_border_radius__hover=&#8221;null&#8221; button_letter_spacing__hover_enabled=&#8221;off&#8221; button_letter_spacing__hover=&#8221;null&#8221; button_one_letter_spacing__hover_enabled=&#8221;off&#8221; button_one_letter_spacing__hover=&#8221;null&#8221; button_two_letter_spacing__hover_enabled=&#8221;off&#8221; button_two_letter_spacing__hover=&#8221;null&#8221; button_bg_color__hover_enabled=&#8221;off&#8221; button_bg_color__hover=&#8221;null&#8221; button_one_bg_color__hover_enabled=&#8221;off&#8221; button_one_bg_color__hover=&#8221;null&#8221; button_two_bg_color__hover_enabled=&#8221;off&#8221; button_two_bg_color__hover=&#8221;null&#8221;]&nbsp;<br \/>\n[\/et_pb_button][\/et_pb_column][\/et_pb_section]<\/p>\n","protected":false},"excerpt":{"rendered":"<p>La philosophie Mission Valoriser la production agricole du territoire sous toutes ses formes, en r\u00e9alisant des produits laitiers de grande qualit\u00e9 tout en restant \u00e0 la recherche continue d\u2019innovation du produit, du processus de fabrication et des services, dans le respect de la tradition et des valeurs de la culture paysanne ancestrale. Recettes ancestrales et [&hellip;]<\/p>\n","protected":false},"author":1,"featured_media":0,"parent":0,"menu_order":0,"comment_status":"closed","ping_status":"open","template":"","meta":{"_et_pb_use_builder":"on","_et_pb_old_content":"[woocommerce_product_search]","_et_gb_content_width":"","footnotes":""},"class_list":["post-2524","page","type-page","status-publish","hentry"],"_links":{"self":[{"href":"https:\/\/www.fromagerie.it\/fr\/wp-json\/wp\/v2\/pages\/2524","targetHints":{"allow":["GET"]}}],"collection":[{"href":"https:\/\/www.fromagerie.it\/fr\/wp-json\/wp\/v2\/pages"}],"about":[{"href":"https:\/\/www.fromagerie.it\/fr\/wp-json\/wp\/v2\/types\/page"}],"author":[{"embeddable":true,"href":"https:\/\/www.fromagerie.it\/fr\/wp-json\/wp\/v2\/users\/1"}],"replies":[{"embeddable":true,"href":"https:\/\/www.fromagerie.it\/fr\/wp-json\/wp\/v2\/comments?post=2524"}],"version-history":[{"count":3,"href":"https:\/\/www.fromagerie.it\/fr\/wp-json\/wp\/v2\/pages\/2524\/revisions"}],"predecessor-version":[{"id":8477,"href":"https:\/\/www.fromagerie.it\/fr\/wp-json\/wp\/v2\/pages\/2524\/revisions\/8477"}],"wp:attachment":[{"href":"https:\/\/www.fromagerie.it\/fr\/wp-json\/wp\/v2\/media?parent=2524"}],"curies":[{"name":"wp","href":"https:\/\/api.w.org\/{rel}","templated":true}]}}