{"id":2512,"date":"2018-05-15T16:04:51","date_gmt":"2018-05-15T14:04:51","guid":{"rendered":"http:\/\/new.fromagerie.it\/gli-allevatori\/"},"modified":"2022-08-29T13:41:27","modified_gmt":"2022-08-29T11:41:27","slug":"les-eleveurs","status":"publish","type":"page","link":"https:\/\/www.fromagerie.it\/fr\/les-eleveurs\/","title":{"rendered":"Les \u00e9leveurs"},"content":{"rendered":"<p>[et_pb_section fb_built=&#8221;1&#8243; _builder_version=&#8221;4.16&#8243; background_color=&#8221;#e8b10d&#8221; use_background_color_gradient=&#8221;on&#8221; background_color_gradient_stops=&#8221;#e8b10d 0%|#c99b04 100%&#8221; background_color_gradient_start=&#8221;#e8b10d&#8221; background_color_gradient_end=&#8221;#c99b04&#8243; custom_padding=&#8221;40px|0px|30px|0px|false|false&#8221; global_colors_info=&#8221;{}&#8221;][et_pb_row _builder_version=&#8221;4.16&#8243; background_size=&#8221;initial&#8221; background_position=&#8221;top_left&#8221; background_repeat=&#8221;repeat&#8221; use_custom_width=&#8221;on&#8221; custom_width_px=&#8221;1200px&#8221; global_colors_info=&#8221;{}&#8221;][et_pb_column type=&#8221;4_4&#8243; _builder_version=&#8221;4.16&#8243; custom_padding=&#8221;|||&#8221; global_colors_info=&#8221;{}&#8221; custom_padding__hover=&#8221;|||&#8221;][et_pb_text admin_label=&#8221;Gli allevatori&#8221; module_class=&#8221;titolopagina&#8221; _builder_version=&#8221;4.16&#8243; text_text_color=&#8221;#333333&#8243; header_text_color=&#8221;#ffffff&#8221; header_font_size=&#8221;65px&#8221; custom_margin=&#8221;||5px|&#8221; header_font_size_tablet=&#8221;55px&#8221; header_font_size_phone=&#8221;45px&#8221; header_font_size_last_edited=&#8221;on|phone&#8221; global_colors_info=&#8221;{}&#8221;]<\/p>\n<h1>Les \u00e9leveurs<\/h1>\n<p>[\/et_pb_text][\/et_pb_column][\/et_pb_row][\/et_pb_section][et_pb_section fb_built=&#8221;1&#8243; specialty=&#8221;on&#8221; background_color_2=&#8221;#f9f9f9&#8243; padding_right_2=&#8221;30px&#8221; padding_bottom_2=&#8221;30px&#8221; padding_left_2=&#8221;30px&#8221; padding_2_tablet=&#8221;20px|20px|30px|20px&#8221; padding_2_phone=&#8221;&#8221; padding_2_last_edited=&#8221;on|phone&#8221; _builder_version=&#8221;4.16&#8243; global_colors_info=&#8221;{}&#8221;][et_pb_column type=&#8221;2_3&#8243; specialty_columns=&#8221;2&#8243; _builder_version=&#8221;4.16&#8243; custom_padding=&#8221;|||&#8221; global_colors_info=&#8221;{}&#8221; custom_padding__hover=&#8221;|||&#8221;][et_pb_row_inner admin_label=&#8221;Riga&#8221; _builder_version=&#8221;4.16&#8243; global_colors_info=&#8221;{}&#8221;][et_pb_column_inner saved_specialty_column_type=&#8221;2_3&#8243; _builder_version=&#8221;4.16&#8243; custom_padding=&#8221;|||&#8221; global_colors_info=&#8221;{}&#8221; custom_padding__hover=&#8221;|||&#8221;][et_pb_text admin_label=&#8221;Soci della cooperativa&#8221; module_class=&#8221;titoloparagrafo&#8221; _builder_version=&#8221;4.16&#8243; custom_margin=&#8221;||5px|&#8221; global_colors_info=&#8221;{}&#8221;]<\/p>\n<h2>Les associ\u00e9s de la coop\u00e9rative<\/h2>\n<p>[\/et_pb_text][et_pb_text admin_label=&#8221;Negli anni sono cresciuti..&#8221; _builder_version=&#8221;4.18.0&#8243; custom_margin=&#8221;|||&#8221; hover_enabled=&#8221;0&#8243; global_colors_info=&#8221;{}&#8221; sticky_enabled=&#8221;0&#8243;]<\/p>\n<p>Au fil des ann\u00e9es, leur propre nombre et celui des produits qu\u2019ils remettent \u00e0 la coop\u00e9rative ont augment\u00e9. Au d\u00e9but, il s\u2019agissait exclusivement d\u2019\u00e9leveurs des communes de Brusson et Ayas, au total plus de 50 producteurs de lait. Avec le temps, le nombre de producteurs a diminu\u00e9 mais la quantit\u00e9 de lait (environ 2.200 kg\/an) est rest\u00e9 le m\u00eame : aux 39 \u00e9leveurs certifi\u00e9s biologiques travaillant sur une dizaine d\u2019alpages s\u2019ajoutent, durant la p\u00e9riode estivale qui va de juin \u00e0 octobre, 11 \u00e9leveurs d\u2019alpage. Avec les \u00e9leveurs certifi\u00e9s biologiques a, en outre, \u00e9t\u00e9 lanc\u00e9 une activit\u00e9 de valorisation de la viande de bovins adultes avec la production de motsetta (viande s\u00e9ch\u00e9e).<\/p>\n<p>[\/et_pb_text][\/et_pb_column_inner][\/et_pb_row_inner][et_pb_row_inner admin_label=&#8221;Riga&#8221; _builder_version=&#8221;4.16&#8243; global_colors_info=&#8221;{}&#8221;][et_pb_column_inner saved_specialty_column_type=&#8221;2_3&#8243; _builder_version=&#8221;4.16&#8243; custom_padding=&#8221;|||&#8221; global_colors_info=&#8221;{}&#8221; custom_padding__hover=&#8221;|||&#8221;][et_pb_text admin_label=&#8221; Allevatori della Val d\u2019Ayas&#8221; module_class=&#8221;titoloparagrafo&#8221; _builder_version=&#8221;4.16&#8243; custom_margin=&#8221;||5px|&#8221; global_colors_info=&#8221;{}&#8221;]<\/p>\n<h2>Les \u00e9leveurs du Val d\u2019Ayas<\/h2>\n<p>[\/et_pb_text][et_pb_text admin_label=&#8221;Circa 50 allevatori per una&#8221; _builder_version=&#8221;4.16&#8243; custom_margin=&#8221;|||&#8221; global_colors_info=&#8221;{}&#8221;]Environ 40 \u00e9leveurs pour une production annuelle d\u2019environ 2.600 tonnes de lait. L\u2019exploitation des p\u00e2turages est directement g\u00e9r\u00e9e par les \u00e9leveurs suivant un calendrier respectueux du territoire : de l\u2019\u00e9table hivernale avec une alimentation \u00e0 base de foin du terroir, on passe aux p\u00e2turages printaniers et, enfin, aux alpages de haute altitude en \u00e9t\u00e9.<\/p>\n<p>Chaque journ\u00e9e s\u2019\u00e9coule suivant les rythmes dict\u00e9s par la lumi\u00e8re et l\u2019obscurit\u00e9 : durant la belle saison, tout commence \u00e0 quatre heures du matin avec la premi\u00e8re traite, suivie par le transfert des vaches au p\u00e2turage. Vers midi, les vaches sont ramen\u00e9es \u00e0 l\u2019\u00e9table o\u00f9 elles se reposeront avant la seconde traite dans l\u2019apr\u00e8s-midi avant d\u2019\u00eatre ramen\u00e9es \u00e0 nouveau au p\u00e2turage.<br \/>\nBien que les rythmes soient serr\u00e9s, les t\u00e2ches fondamentales telles que le contr\u00f4le de l\u2019\u00e9tat de sant\u00e9 des b\u00eates, le nettoyage de l\u2019\u00e9table, la croissance des veaux ne sont cependant pas n\u00e9glig\u00e9s\u2026 Si on les compare \u00e0 d\u2019autres races plus productives, les vaches de race vald\u00f4taine et, en particulier, la Pie Rouge, ont une production de lait limit\u00e9e. La qualit\u00e9 est, quant \u00e0 elle, excellente et atteint son plus haut niveau en \u00e9t\u00e9, lorsque les vaches sont au p\u00e2turage en haute altitude.<br \/>\n[\/et_pb_text][\/et_pb_column_inner][\/et_pb_row_inner][et_pb_row_inner admin_label=&#8221;Riga&#8221; _builder_version=&#8221;4.16&#8243; global_colors_info=&#8221;{}&#8221;][et_pb_column_inner saved_specialty_column_type=&#8221;2_3&#8243; _builder_version=&#8221;4.16&#8243; custom_padding=&#8221;|||&#8221; global_colors_info=&#8221;{}&#8221; custom_padding__hover=&#8221;|||&#8221;][et_pb_button button_url=&#8221;\/fr\/elevage\/&#8221; button_text=&#8221;L&#8217;\u00e9levage&#8221; module_class=&#8221;pulsante&#8221; _builder_version=&#8221;4.16&#8243; custom_button=&#8221;on&#8221; button_text_size=&#8221;18&#8243; button_text_color=&#8221;#ffffff&#8221; button_bg_color=&#8221;#B5452C&#8221; button_border_width=&#8221;0&#8243; button_border_color=&#8221;#53ad51&#8243; button_border_radius=&#8221;0px&#8221; button_icon=&#8221;&#x35;||divi||400&#8243; custom_margin=&#8221;|||&#8221; global_colors_info=&#8221;{}&#8221; button_text_size__hover_enabled=&#8221;off&#8221; button_one_text_size__hover_enabled=&#8221;off&#8221; button_two_text_size__hover_enabled=&#8221;off&#8221; button_text_color__hover_enabled=&#8221;off&#8221; button_one_text_color__hover_enabled=&#8221;off&#8221; button_two_text_color__hover_enabled=&#8221;off&#8221; button_border_width__hover_enabled=&#8221;off&#8221; button_one_border_width__hover_enabled=&#8221;off&#8221; button_two_border_width__hover_enabled=&#8221;off&#8221; button_border_color__hover_enabled=&#8221;off&#8221; button_one_border_color__hover_enabled=&#8221;off&#8221; button_two_border_color__hover_enabled=&#8221;off&#8221; button_border_radius__hover_enabled=&#8221;off&#8221; button_one_border_radius__hover_enabled=&#8221;off&#8221; button_two_border_radius__hover_enabled=&#8221;off&#8221; button_letter_spacing__hover_enabled=&#8221;off&#8221; button_one_letter_spacing__hover_enabled=&#8221;off&#8221; button_two_letter_spacing__hover_enabled=&#8221;off&#8221; button_bg_color__hover_enabled=&#8221;off&#8221; button_one_bg_color__hover_enabled=&#8221;off&#8221; button_two_bg_color__hover_enabled=&#8221;off&#8221;][\/et_pb_button][\/et_pb_column_inner][\/et_pb_row_inner][\/et_pb_column][et_pb_column type=&#8221;1_3&#8243; _builder_version=&#8221;4.16&#8243; custom_padding=&#8221;|||&#8221; global_colors_info=&#8221;{}&#8221; custom_padding__hover=&#8221;|||&#8221;][et_pb_text admin_label=&#8221;Titolo del paragrafo&#8221; _builder_version=&#8221;4.16&#8243; text_font_size=&#8221;30px&#8221; header_font_size=&#8221;49px&#8221; header_2_font_size=&#8221;30px&#8221; custom_margin=&#8221;10px||20px|&#8221; saved_tabs=&#8221;all&#8221; global_colors_info=&#8221;{}&#8221;]<\/p>\n<h2 style=\"text-align: center;\">Produits en vedette<\/h2>\n<p>[\/et_pb_text][et_pb_shop type=&#8221;product_category&#8221; posts_number=&#8221;2&#8243; include_categories=&#8221;126,127,128&#8243; columns_number=&#8221;1&#8243; orderby=&#8221;rand&#8221; _builder_version=&#8221;4.16&#8243; custom_margin=&#8221;||0px|&#8221; custom_margin_tablet=&#8221;&#8221; custom_margin_phone=&#8221;&#8221; custom_margin_last_edited=&#8221;on|phone&#8221; saved_tabs=&#8221;all&#8221; global_colors_info=&#8221;{}&#8221;][\/et_pb_shop][et_pb_button button_url=&#8221;\/fr\/negozio&#8221; button_text=&#8221;Tous les produits&#8221; button_alignment=&#8221;center&#8221; module_class=&#8221;pulsante&#8221; _builder_version=&#8221;4.16&#8243; custom_button=&#8221;on&#8221; button_text_size=&#8221;18&#8243; button_text_color=&#8221;#ffffff&#8221; button_bg_color=&#8221;#B5452C&#8221; button_border_width=&#8221;0&#8243; button_border_color=&#8221;#53ad51&#8243; button_border_radius=&#8221;0px&#8221; button_icon=&#8221;&#xe013;||divi||400&#8243; custom_margin=&#8221;||30px|&#8221; saved_tabs=&#8221;all&#8221; global_colors_info=&#8221;{}&#8221; button_text_size__hover_enabled=&#8221;off&#8221; button_one_text_size__hover_enabled=&#8221;off&#8221; button_two_text_size__hover_enabled=&#8221;off&#8221; button_text_color__hover_enabled=&#8221;off&#8221; button_one_text_color__hover_enabled=&#8221;off&#8221; button_two_text_color__hover_enabled=&#8221;off&#8221; button_border_width__hover_enabled=&#8221;off&#8221; button_one_border_width__hover_enabled=&#8221;off&#8221; button_two_border_width__hover_enabled=&#8221;off&#8221; button_border_color__hover_enabled=&#8221;off&#8221; button_one_border_color__hover_enabled=&#8221;off&#8221; button_two_border_color__hover_enabled=&#8221;off&#8221; button_border_radius__hover_enabled=&#8221;off&#8221; button_one_border_radius__hover_enabled=&#8221;off&#8221; button_two_border_radius__hover_enabled=&#8221;off&#8221; button_letter_spacing__hover_enabled=&#8221;off&#8221; button_one_letter_spacing__hover_enabled=&#8221;off&#8221; button_two_letter_spacing__hover_enabled=&#8221;off&#8221; button_bg_color__hover_enabled=&#8221;off&#8221; button_one_bg_color__hover_enabled=&#8221;off&#8221; button_two_bg_color__hover_enabled=&#8221;off&#8221;]<\/p>\n<p>&nbsp;<\/p>\n<p>[\/et_pb_button][\/et_pb_column][\/et_pb_section][et_pb_section fb_built=&#8221;1&#8243; _builder_version=&#8221;4.16&#8243; custom_padding=&#8221;0|0px|60px|0px|false|false&#8221; global_colors_info=&#8221;{}&#8221;][et_pb_row _builder_version=&#8221;4.16&#8243; width=&#8221;100%&#8221; max_width=&#8221;100%&#8221; use_custom_width=&#8221;on&#8221; width_unit=&#8221;off&#8221; custom_width_percent=&#8221;100%&#8221; global_colors_info=&#8221;{}&#8221;][et_pb_column type=&#8221;4_4&#8243; _builder_version=&#8221;4.16&#8243; custom_padding=&#8221;|||&#8221; global_colors_info=&#8221;{}&#8221; custom_padding__hover=&#8221;|||&#8221;][et_pb_wm_gallery id=&#8221;1577&#8243; _builder_version=&#8221;4.16&#8243; text_font_size_tablet=&#8221;51&#8243; text_line_height_tablet=&#8221;51&#8243; global_colors_info=&#8221;{}&#8221;][\/et_pb_wm_gallery][\/et_pb_column][\/et_pb_row][\/et_pb_section]<\/p>\n","protected":false},"excerpt":{"rendered":"<p>Les \u00e9leveurs Les associ\u00e9s de la coop\u00e9rative Au fil des ann\u00e9es, leur propre nombre et celui des produits qu\u2019ils remettent \u00e0 la coop\u00e9rative ont augment\u00e9. Au d\u00e9but, il s\u2019agissait exclusivement d\u2019\u00e9leveurs des communes de Brusson et Ayas, au total plus de 50 producteurs de lait. Avec le temps, le nombre de producteurs a diminu\u00e9 mais [&hellip;]<\/p>\n","protected":false},"author":1,"featured_media":0,"parent":0,"menu_order":0,"comment_status":"closed","ping_status":"open","template":"","meta":{"_et_pb_use_builder":"on","_et_pb_old_content":"[woocommerce_product_search]","_et_gb_content_width":"","footnotes":""},"class_list":["post-2512","page","type-page","status-publish","hentry"],"_links":{"self":[{"href":"https:\/\/www.fromagerie.it\/fr\/wp-json\/wp\/v2\/pages\/2512","targetHints":{"allow":["GET"]}}],"collection":[{"href":"https:\/\/www.fromagerie.it\/fr\/wp-json\/wp\/v2\/pages"}],"about":[{"href":"https:\/\/www.fromagerie.it\/fr\/wp-json\/wp\/v2\/types\/page"}],"author":[{"embeddable":true,"href":"https:\/\/www.fromagerie.it\/fr\/wp-json\/wp\/v2\/users\/1"}],"replies":[{"embeddable":true,"href":"https:\/\/www.fromagerie.it\/fr\/wp-json\/wp\/v2\/comments?post=2512"}],"version-history":[{"count":1,"href":"https:\/\/www.fromagerie.it\/fr\/wp-json\/wp\/v2\/pages\/2512\/revisions"}],"predecessor-version":[{"id":8479,"href":"https:\/\/www.fromagerie.it\/fr\/wp-json\/wp\/v2\/pages\/2512\/revisions\/8479"}],"wp:attachment":[{"href":"https:\/\/www.fromagerie.it\/fr\/wp-json\/wp\/v2\/media?parent=2512"}],"curies":[{"name":"wp","href":"https:\/\/api.w.org\/{rel}","templated":true}]}}