{"id":4453,"date":"2018-05-21T08:14:49","date_gmt":"2018-05-21T06:14:49","guid":{"rendered":"http:\/\/new.fromagerie.it\/prodotto\/tomini-in-ol\/"},"modified":"2018-05-21T08:14:49","modified_gmt":"2018-05-21T06:14:49","slug":"tomini-in-ol","status":"publish","type":"product","link":"https:\/\/www.fromagerie.it\/de\/prodotto\/tomini-in-ol\/","title":{"rendered":"Tomini in \u00d6l"},"content":{"rendered":"<p>&nbsp;<\/p>\n<h6><strong>Beschreibung<\/strong><\/h6>\n<ul>\n<li><strong>Form:<\/strong> zylindrisch, abgeflacht.<\/li>\n<li><strong>Geschmack<\/strong>: klassisch f\u00fcr Tomini in \u00d6l, aromatisiert.<\/li>\n<li><strong>Haltbarkeit<\/strong>: 120 Tage.<\/li>\n<\/ul>\n<p>&nbsp;<\/p>\n<h6><strong>Eigenschaften<\/strong><\/h6>\n<ul>\n<li><strong>Zutaten: <\/strong>Tomini (Milch, Milch-Enzyme, Lab und Salz), Sonnenblumen\u00f6l, Weinessig, aromatische Kr\u00e4uter.<\/li>\n<li><strong>Allergene<\/strong>: Milch.<\/li>\n<li><strong>Zertifizierung<\/strong>: CE Stempel &#8211; IT 02 129 CE<\/li>\n<li><strong>Transport<\/strong>: unter 4 \u00b0 C lagern.<\/li>\n<li><strong>Mikrobiologische Eigenschaften<\/strong>: Entspricht den Bestimmungen der Verordnung (EG) Nr. 2073-05 und den nachfolgenden \u00c4nderungen f\u00fcr pasteurisierten Milchk\u00e4se.<\/li>\n<\/ul>\n<p>&nbsp;<\/p>\n<h6><strong>Verpackung<\/strong><\/h6>\n<ul>\n<li><strong>Produkt: <\/strong>Verpackungseinheit: im Glas.<\/li>\n<li><strong>Nettogewicht pro Verpackungseinheit<\/strong>: 390 g einheitliches Gewicht.<strong><br \/>\n<\/strong><\/li>\n<\/ul>\n","protected":false},"excerpt":{"rendered":"<p>Frische Tomini portioniert und in \u00d6l eingelegt, um den Geschmack l\u00e4nger zu erhalten.<\/p>\n","protected":false},"featured_media":1238,"template":"","meta":{"_et_pb_use_builder":"","_et_pb_old_content":"","_et_gb_content_width":""},"product_brand":[],"product_cat":[360],"product_tag":[],"class_list":{"0":"post-4453","1":"product","2":"type-product","3":"status-publish","4":"has-post-thumbnail","6":"product_cat-leckerbissen","8":"first","9":"outofstock","10":"taxable","11":"shipping-taxable","12":"purchasable","13":"product-type-variable"},"_links":{"self":[{"href":"https:\/\/www.fromagerie.it\/de\/wp-json\/wp\/v2\/product\/4453","targetHints":{"allow":["GET"]}}],"collection":[{"href":"https:\/\/www.fromagerie.it\/de\/wp-json\/wp\/v2\/product"}],"about":[{"href":"https:\/\/www.fromagerie.it\/de\/wp-json\/wp\/v2\/types\/product"}],"wp:featuredmedia":[{"embeddable":true,"href":"https:\/\/www.fromagerie.it\/de\/wp-json\/wp\/v2\/media\/1238"}],"wp:attachment":[{"href":"https:\/\/www.fromagerie.it\/de\/wp-json\/wp\/v2\/media?parent=4453"}],"wp:term":[{"taxonomy":"product_brand","embeddable":true,"href":"https:\/\/www.fromagerie.it\/de\/wp-json\/wp\/v2\/product_brand?post=4453"},{"taxonomy":"product_cat","embeddable":true,"href":"https:\/\/www.fromagerie.it\/de\/wp-json\/wp\/v2\/product_cat?post=4453"},{"taxonomy":"product_tag","embeddable":true,"href":"https:\/\/www.fromagerie.it\/de\/wp-json\/wp\/v2\/product_tag?post=4453"}],"curies":[{"name":"wp","href":"https:\/\/api.w.org\/{rel}","templated":true}]}}