{"id":4446,"date":"2018-06-25T13:59:12","date_gmt":"2018-06-25T11:59:12","guid":{"rendered":"http:\/\/new.fromagerie.it\/prodotto\/frischer-toma-aus-reiner-ziegenmilch\/"},"modified":"2018-06-25T13:59:12","modified_gmt":"2018-06-25T11:59:12","slug":"frischer-toma-aus-reiner-ziegenmilch","status":"publish","type":"product","link":"https:\/\/www.fromagerie.it\/de\/prodotto\/frischer-toma-aus-reiner-ziegenmilch\/","title":{"rendered":"Frischer Toma aus reiner Ziegenmilch"},"content":{"rendered":"<p>&nbsp;<\/p>\n<h6><strong>Beschreibung<\/strong><\/h6>\n<ul>\n<li><strong>Form: <\/strong>zylindrisch, abgeflacht, typisch f\u00fcr diesen K\u00e4se.<\/li>\n<li><strong>Kruste<\/strong>: mit charakteristisch wei\u00dfem Schimmel.<\/li>\n<li><strong>Pasta<\/strong>: wei\u00df und cremig.<\/li>\n<li><strong>Geschmack<\/strong>: intensiv typisch f\u00fcr Ziegenmilch, schmackhafter, wenn er geschmolzen ist.<\/li>\n<\/ul>\n<p>&nbsp;<\/p>\n<h6><strong>Eigenschaften<\/strong><\/h6>\n<ul>\n<li><strong>Zutaten: <\/strong>Ziegenmilch, Salz, Fermente, Lab.<\/li>\n<li><strong>Allergene<\/strong>: Ziegenmilch.<\/li>\n<li><strong>Zertifizierung<\/strong>: CE Stempel &#8211; IT 02 129 CE.<\/li>\n<li><strong>Transport<\/strong>: unter 4 \u00b0 C lagern.<\/li>\n<li><strong>Mikrobiologische Eigenschaften<\/strong>: Entspricht den Bestimmungen der Verordnung (EG) Nr. 2073-05 und den nachfolgenden \u00c4nderungen f\u00fcr pasteurisierten Milchk\u00e4se.<\/li>\n<\/ul>\n<p>&nbsp;<\/p>\n<h6><strong>Verpackung<\/strong><\/h6>\n<ul>\n<li><strong>Produkt: <\/strong>als ganze Form, portioniert, portioniert unter Vakuum erh\u00e4ltlich<\/li>\n<li><strong>Verpackung<\/strong>: Verpackungseinheit: Eine Form in Lebensmittelpapier verpackt. Verpackungseinheit: eine oder zwei Formen pro Karton.<\/li>\n<li><strong>Nettogewicht pro Verpackungseinheit<\/strong>: ganze Form: 300 bis 2,5 kg<\/li>\n<\/ul>\n","protected":false},"excerpt":{"rendered":"<p>K\u00e4se mit dem klassischen Geschmack von Ziegenmilch.<\/p>\n","protected":false},"featured_media":4447,"template":"","meta":{"_et_pb_use_builder":"","_et_pb_old_content":"","_et_gb_content_width":""},"product_brand":[],"product_cat":[359],"product_tag":[],"class_list":{"0":"post-4446","1":"product","2":"type-product","3":"status-publish","4":"has-post-thumbnail","6":"product_cat-kase","8":"first","9":"outofstock","10":"taxable","11":"shipping-taxable","12":"purchasable","13":"product-type-variable"},"_links":{"self":[{"href":"https:\/\/www.fromagerie.it\/de\/wp-json\/wp\/v2\/product\/4446","targetHints":{"allow":["GET"]}}],"collection":[{"href":"https:\/\/www.fromagerie.it\/de\/wp-json\/wp\/v2\/product"}],"about":[{"href":"https:\/\/www.fromagerie.it\/de\/wp-json\/wp\/v2\/types\/product"}],"wp:featuredmedia":[{"embeddable":true,"href":"https:\/\/www.fromagerie.it\/de\/wp-json\/wp\/v2\/media\/4447"}],"wp:attachment":[{"href":"https:\/\/www.fromagerie.it\/de\/wp-json\/wp\/v2\/media?parent=4446"}],"wp:term":[{"taxonomy":"product_brand","embeddable":true,"href":"https:\/\/www.fromagerie.it\/de\/wp-json\/wp\/v2\/product_brand?post=4446"},{"taxonomy":"product_cat","embeddable":true,"href":"https:\/\/www.fromagerie.it\/de\/wp-json\/wp\/v2\/product_cat?post=4446"},{"taxonomy":"product_tag","embeddable":true,"href":"https:\/\/www.fromagerie.it\/de\/wp-json\/wp\/v2\/product_tag?post=4446"}],"curies":[{"name":"wp","href":"https:\/\/api.w.org\/{rel}","templated":true}]}}