{"id":4402,"date":"2018-06-29T15:42:46","date_gmt":"2018-06-29T13:42:46","guid":{"rendered":"http:\/\/new.fromagerie.it\/prodotto\/frischer-toma-aus-kuhmilch\/"},"modified":"2018-06-29T15:42:46","modified_gmt":"2018-06-29T13:42:46","slug":"frischer-toma-aus-kuhmilch","status":"publish","type":"product","link":"https:\/\/www.fromagerie.it\/de\/prodotto\/frischer-toma-aus-kuhmilch\/","title":{"rendered":"Frischer Toma aus Kuhmilch"},"content":{"rendered":"<p>&nbsp;<\/p>\n<h6><strong>Beschreibung<\/strong><\/h6>\n<ul>\n<li><strong>Form<\/strong>: radf\u00f6rmig mit einem Durchmesser von 20-25 cm. R\u00e4nder  2-3 cm leicht konvex.<\/li>\n<li><strong>Split<\/strong>: weich, elastisch, wei\u00df. Kruste NICHT essbar.<\/li>\n<li><strong>Teig<\/strong>: weich und s\u00fc\u00df mit einer milchig wei\u00dfen bis strohgelben Farbe.<\/li>\n<li><strong>Geschmack<\/strong>: charakteristisch f\u00fcr gute Vollmilch, je nach Weideh\u00f6he der K\u00fche.<\/li>\n<\/ul>\n<p>&nbsp;<\/p>\n<h6><strong>Eigenschaften<\/strong><\/h6>\n<ul>\n<li><strong>Zutaten<\/strong>: <strong>Milch, <\/strong>Salz, Fermente, Lab.<\/li>\n<li><strong>Allergene<\/strong>: Milch.<\/li>\n<li><strong>Zertifizierung<\/strong>: CE Stempel  IT 02 129 CE.<\/li>\n<li><strong>Transport<\/strong>: unter 4 \u00b0 C lagern.<\/li>\n<li><strong>Mikrobiologische Eigenschaften<\/strong>: Entspricht den Bestimmungen der Verordnung (EG) Nr. 2073-05 und den nachfolgenden \u00c4nderungen f\u00fcr pasteurisierten Milchk\u00e4se.<\/li>\n<\/ul>\n<p>&nbsp;<\/p>\n<h6><strong>Verpackung<\/strong><\/h6>\n<ul>\n<li><strong>Produkt<\/strong>: als ganze Form, portioniert, unter Vakuum portioniert erh\u00e4ltlich.<\/li>\n<li><strong>Verpackung<\/strong>: Verpackungseinheit: Eine Form in Lebensmittelpapier verpackt. Verpackungseinheit: eine oder zwei Formen pro Karton.<\/li>\n<li><strong>Nettogewicht pro Verpackungseinheit<\/strong>: von 300 g bis 2,5 kg.<\/li>\n<\/ul>\n","protected":false},"excerpt":{"rendered":"<p>Frischk\u00e4se aus pasteurisierter Milch ca. 20 Tage gereift.<\/p>\n","protected":false},"featured_media":4403,"template":"","meta":{"_et_pb_use_builder":"","_et_pb_old_content":"","_et_gb_content_width":""},"product_brand":[],"product_cat":[359],"product_tag":[],"class_list":{"0":"post-4402","1":"product","2":"type-product","3":"status-publish","4":"has-post-thumbnail","6":"product_cat-kase","8":"first","9":"instock","10":"taxable","11":"shipping-taxable","12":"purchasable","13":"product-type-variable"},"_links":{"self":[{"href":"https:\/\/www.fromagerie.it\/de\/wp-json\/wp\/v2\/product\/4402","targetHints":{"allow":["GET"]}}],"collection":[{"href":"https:\/\/www.fromagerie.it\/de\/wp-json\/wp\/v2\/product"}],"about":[{"href":"https:\/\/www.fromagerie.it\/de\/wp-json\/wp\/v2\/types\/product"}],"wp:featuredmedia":[{"embeddable":true,"href":"https:\/\/www.fromagerie.it\/de\/wp-json\/wp\/v2\/media\/4403"}],"wp:attachment":[{"href":"https:\/\/www.fromagerie.it\/de\/wp-json\/wp\/v2\/media?parent=4402"}],"wp:term":[{"taxonomy":"product_brand","embeddable":true,"href":"https:\/\/www.fromagerie.it\/de\/wp-json\/wp\/v2\/product_brand?post=4402"},{"taxonomy":"product_cat","embeddable":true,"href":"https:\/\/www.fromagerie.it\/de\/wp-json\/wp\/v2\/product_cat?post=4402"},{"taxonomy":"product_tag","embeddable":true,"href":"https:\/\/www.fromagerie.it\/de\/wp-json\/wp\/v2\/product_tag?post=4402"}],"curies":[{"name":"wp","href":"https:\/\/api.w.org\/{rel}","templated":true}]}}