{"id":4339,"date":"2018-05-18T11:14:08","date_gmt":"2018-05-18T09:14:08","guid":{"rendered":"http:\/\/new.fromagerie.it\/prodotto\/mont-rose\/"},"modified":"2018-05-18T11:14:08","modified_gmt":"2018-05-18T09:14:08","slug":"mont-rose","status":"publish","type":"product","link":"https:\/\/www.fromagerie.it\/de\/prodotto\/mont-rose\/","title":{"rendered":"Mont Rose"},"content":{"rendered":"<p>&nbsp;<\/p>\n<h6><strong>Beschreibung<\/strong><\/h6>\n<ul>\n<li><strong>Form<\/strong>: Quader mit Seiten von ca. 18 cm, R\u00e4nder leicht konvex  ca. 9 cm.<\/li>\n<li><strong>Kruste<\/strong>: d\u00fcnn, elastisch, dicker bis fortgeschrittener Reifezeit.<\/li>\n<li><strong>Teig<\/strong>: weich und cremig, wei\u00df bis strohgelb.<\/li>\n<li><strong>Geschmack<\/strong>: s\u00fc\u00df aber fest, mit charakteristischen Noten.<\/li>\n<\/ul>\n<p>&nbsp;<\/p>\n<h6><strong>Eigenschaften<\/strong><\/h6>\n<ul>\n<li><strong>Zutaten<\/strong>: <strong>Kuhmilch<\/strong> Salz, Fermente, Lab.<\/li>\n<li><strong>Allergene<\/strong>: Milch.<\/li>\n<li><strong>Zertifizierung<\/strong>: CE Stempel &#8211; IT 02 129 CE.<\/li>\n<li><strong>Transport<\/strong>: unter 4 \u00b0 C lagern.<\/li>\n<li><strong>Mikrobiologische Eigenschaften<\/strong>: Entspricht den Bestimmungen der Verordnung (EG) Nr. 2073-05 und den nachfolgenden \u00c4nderungen f\u00fcr pasteurisierten Milchk\u00e4se.<\/li>\n<\/ul>\n<p>&nbsp;<\/p>\n<h6><strong>Verpackung<\/strong><\/h6>\n<ul>\n<li><strong>Produkt<\/strong>: Verpackungseinheit: Eine Form in Lebensmittelpapier verpackt. Verpackungseinheit: von einer bis zu zehn St\u00fcck pro Karton.<\/li>\n<li><strong>Nettogewicht pro Verpackungseinheit<\/strong>: ganze Formen: ca. 2 kg.<\/li>\n<\/ul>\n","protected":false},"excerpt":{"rendered":"<p>K\u00e4se aus pasteurisierter Milch mit mittlerer Reifezeit<\/p>\n","protected":false},"featured_media":1161,"template":"","meta":{"_et_pb_use_builder":"","_et_pb_old_content":"","_et_gb_content_width":""},"product_brand":[],"product_cat":[359],"product_tag":[],"class_list":{"0":"post-4339","1":"product","2":"type-product","3":"status-publish","4":"has-post-thumbnail","6":"product_cat-kase","8":"first","9":"instock","10":"taxable","11":"shipping-taxable","12":"purchasable","13":"product-type-variable"},"_links":{"self":[{"href":"https:\/\/www.fromagerie.it\/de\/wp-json\/wp\/v2\/product\/4339","targetHints":{"allow":["GET"]}}],"collection":[{"href":"https:\/\/www.fromagerie.it\/de\/wp-json\/wp\/v2\/product"}],"about":[{"href":"https:\/\/www.fromagerie.it\/de\/wp-json\/wp\/v2\/types\/product"}],"wp:featuredmedia":[{"embeddable":true,"href":"https:\/\/www.fromagerie.it\/de\/wp-json\/wp\/v2\/media\/1161"}],"wp:attachment":[{"href":"https:\/\/www.fromagerie.it\/de\/wp-json\/wp\/v2\/media?parent=4339"}],"wp:term":[{"taxonomy":"product_brand","embeddable":true,"href":"https:\/\/www.fromagerie.it\/de\/wp-json\/wp\/v2\/product_brand?post=4339"},{"taxonomy":"product_cat","embeddable":true,"href":"https:\/\/www.fromagerie.it\/de\/wp-json\/wp\/v2\/product_cat?post=4339"},{"taxonomy":"product_tag","embeddable":true,"href":"https:\/\/www.fromagerie.it\/de\/wp-json\/wp\/v2\/product_tag?post=4339"}],"curies":[{"name":"wp","href":"https:\/\/api.w.org\/{rel}","templated":true}]}}