{"id":4317,"date":"2018-06-22T14:18:13","date_gmt":"2018-06-22T12:18:13","guid":{"rendered":"http:\/\/new.fromagerie.it\/prodotto\/kase-aus-der-region\/"},"modified":"2018-06-22T14:18:13","modified_gmt":"2018-06-22T12:18:13","slug":"kase-aus-der-region","status":"publish","type":"product","link":"https:\/\/www.fromagerie.it\/de\/prodotto\/kase-aus-der-region\/","title":{"rendered":"K\u00e4se aus der Region"},"content":{"rendered":"<p>&nbsp;<\/p>\n<h6><strong>Beschreibung<\/strong><\/h6>\n<ul>\n<li><strong>Form<\/strong>: zylindrisch mit einem Durchmesser von 7-8 cm und einer L\u00e4nge von ca. 30-35 cm.<\/li>\n<li><strong>Kruste<\/strong>: fest und dick von orange in grau gehend.<\/li>\n<li><strong>Teig<\/strong>: weich und s\u00fc\u00df, von milchig wei\u00df bis strohgelb.<\/li>\n<li><strong>Geschmack<\/strong>: charakteristisch f\u00fcr gute Vollmilch, der sich je nach Weideh\u00f6he der K\u00fche ver\u00e4ndert.<\/li>\n<li><strong>Haltbarkeit<\/strong>: 60 Tage.<\/li>\n<\/ul>\n<p>&nbsp;<\/p>\n<h6><strong>Eigenschaften<\/strong><\/h6>\n<ul>\n<li><strong>Zutaten<\/strong>: Vollmilch, Salz, Lab, Fermente.<\/li>\n<li><strong>Allergene<\/strong>: Milch.<\/li>\n<li><strong>Eigenschaften<\/strong>: mit schafer Paprika aromatisiert.<\/li>\n<li><strong>Zertifizierung<\/strong>: CE Stempel &#8211; IT 02 129 CE<\/li>\n<li><strong>Transport<\/strong>: zwischen 6 und 10 \u00b0 C lagern.<\/li>\n<li><strong>Mikrobiologische Eigenschaften<\/strong>: Entspricht den Bestimmungen der Verordnung (EG) Nr. 2073-05 und den nachfolgenden \u00c4nderungen f\u00fcr pasteurisierten Milchk\u00e4se.<\/li>\n<\/ul>\n<p>&nbsp;<\/p>\n<h6><strong>Verpackung<\/strong><\/h6>\n<ul>\n<li><strong>Produkt<\/strong>: Als ganze Form, portioniert und unter Vakuum portioniert<\/li>\n<\/ul>\n","protected":false},"excerpt":{"rendered":"<p>K\u00e4se, der in Scheiben geschnitten ideal zum Grillen und Braten in der Pfanne ist.<\/p>\n","protected":false},"featured_media":4318,"template":"","meta":{"_et_pb_use_builder":"","_et_pb_old_content":"","_et_gb_content_width":""},"product_brand":[],"product_cat":[359],"product_tag":[],"class_list":{"0":"post-4317","1":"product","2":"type-product","3":"status-publish","4":"has-post-thumbnail","6":"product_cat-kase","8":"first","9":"instock","10":"taxable","11":"shipping-taxable","12":"purchasable","13":"product-type-variable"},"_links":{"self":[{"href":"https:\/\/www.fromagerie.it\/de\/wp-json\/wp\/v2\/product\/4317","targetHints":{"allow":["GET"]}}],"collection":[{"href":"https:\/\/www.fromagerie.it\/de\/wp-json\/wp\/v2\/product"}],"about":[{"href":"https:\/\/www.fromagerie.it\/de\/wp-json\/wp\/v2\/types\/product"}],"wp:featuredmedia":[{"embeddable":true,"href":"https:\/\/www.fromagerie.it\/de\/wp-json\/wp\/v2\/media\/4318"}],"wp:attachment":[{"href":"https:\/\/www.fromagerie.it\/de\/wp-json\/wp\/v2\/media?parent=4317"}],"wp:term":[{"taxonomy":"product_brand","embeddable":true,"href":"https:\/\/www.fromagerie.it\/de\/wp-json\/wp\/v2\/product_brand?post=4317"},{"taxonomy":"product_cat","embeddable":true,"href":"https:\/\/www.fromagerie.it\/de\/wp-json\/wp\/v2\/product_cat?post=4317"},{"taxonomy":"product_tag","embeddable":true,"href":"https:\/\/www.fromagerie.it\/de\/wp-json\/wp\/v2\/product_tag?post=4317"}],"curies":[{"name":"wp","href":"https:\/\/api.w.org\/{rel}","templated":true}]}}