{"id":4299,"date":"2018-05-18T11:18:44","date_gmt":"2018-05-18T09:18:44","guid":{"rendered":"http:\/\/new.fromagerie.it\/prodotto\/fonduta\/"},"modified":"2018-05-18T11:18:44","modified_gmt":"2018-05-18T09:18:44","slug":"fonduta","status":"publish","type":"product","link":"https:\/\/www.fromagerie.it\/de\/prodotto\/fonduta\/","title":{"rendered":"Fonduta"},"content":{"rendered":"<p>&nbsp;<\/p>\n<h6><strong>Beschreibung<\/strong><\/h6>\n<ul>\n<li><strong>Teig<\/strong>: dicke Konsistenz, von wei\u00df bis strohgelb.<\/li>\n<li><strong>Geschmack<\/strong>: intensiv, typischer Geschmack von Fontina und geschmolzenem K\u00e4se.<\/li>\n<li><strong>Haltbarkeit<\/strong>: 24 Monate<\/li>\n<\/ul>\n<p>&nbsp;<\/p>\n<h6><strong>Eigenschaften<\/strong><\/h6>\n<ul>\n<li><strong>Zutaten<\/strong>: <strong>fontina<\/strong> (55 %), frische Sahne, Wasser, Eigelb, Maisst\u00e4rke, Salz. Schmelzsalz: E331 Natriumcitrat. Konservierungsmittel: E200 Sorbins\u00e4ure<\/li>\n<li><strong>Allergene<\/strong>: Milch, Eier.<\/li>\n<li><strong>Zertifizierung<\/strong>: CE-Stempel &#8211; IT K7H2J CE.<\/li>\n<li><strong>Transport<\/strong>: unter 4 \u00b0 C lagern.<\/li>\n<li><strong>Mikrobiologische Eigenschaften<\/strong>: gem\u00e4\u00df den Bestimmungen der EG-Verordnung 2073-05 und nachfolgenden \u00c4nderungen.<\/li>\n<\/ul>\n<p>&nbsp;<\/p>\n<h6><strong>Verpackung<\/strong><\/h6>\n<ul>\n<li><strong>Nettogewicht pro Verpackungseinheit<\/strong>: 295 g<\/li>\n<\/ul>\n","protected":false},"excerpt":{"rendered":"<p>Fontina-Creme DOP hei\u00df zu verzehren<\/p>\n","protected":false},"featured_media":1170,"template":"","meta":{"_et_pb_use_builder":"","_et_pb_old_content":"","_et_gb_content_width":""},"product_brand":[],"product_cat":[360],"product_tag":[],"class_list":{"0":"post-4299","1":"product","2":"type-product","3":"status-publish","4":"has-post-thumbnail","6":"product_cat-leckerbissen","8":"first","9":"instock","10":"taxable","11":"shipping-taxable","12":"purchasable","13":"product-type-variable"},"_links":{"self":[{"href":"https:\/\/www.fromagerie.it\/de\/wp-json\/wp\/v2\/product\/4299","targetHints":{"allow":["GET"]}}],"collection":[{"href":"https:\/\/www.fromagerie.it\/de\/wp-json\/wp\/v2\/product"}],"about":[{"href":"https:\/\/www.fromagerie.it\/de\/wp-json\/wp\/v2\/types\/product"}],"wp:featuredmedia":[{"embeddable":true,"href":"https:\/\/www.fromagerie.it\/de\/wp-json\/wp\/v2\/media\/1170"}],"wp:attachment":[{"href":"https:\/\/www.fromagerie.it\/de\/wp-json\/wp\/v2\/media?parent=4299"}],"wp:term":[{"taxonomy":"product_brand","embeddable":true,"href":"https:\/\/www.fromagerie.it\/de\/wp-json\/wp\/v2\/product_brand?post=4299"},{"taxonomy":"product_cat","embeddable":true,"href":"https:\/\/www.fromagerie.it\/de\/wp-json\/wp\/v2\/product_cat?post=4299"},{"taxonomy":"product_tag","embeddable":true,"href":"https:\/\/www.fromagerie.it\/de\/wp-json\/wp\/v2\/product_tag?post=4299"}],"curies":[{"name":"wp","href":"https:\/\/api.w.org\/{rel}","templated":true}]}}