{"id":4295,"date":"2018-05-18T11:38:20","date_gmt":"2018-05-18T09:38:20","guid":{"rendered":"http:\/\/new.fromagerie.it\/prodotto\/burro-cola\/"},"modified":"2018-05-18T11:38:20","modified_gmt":"2018-05-18T09:38:20","slug":"burro-cola","status":"publish","type":"product","link":"https:\/\/www.fromagerie.it\/de\/prodotto\/burro-cola\/","title":{"rendered":"Burro Col\u00e0"},"content":{"rendered":"<p>&nbsp;<\/p>\n<h6><strong>Beschreibung<\/strong><\/h6>\n<ul>\n<li><strong>Geschmack<\/strong>: typisch f\u00fcr die Bergbutter.<\/li>\n<li><strong>Haltbarkeit<\/strong>: 24 Monate.<\/li>\n<\/ul>\n<p>&nbsp;<\/p>\n<h6><strong>Eigenschaften<\/strong><\/h6>\n<ul>\n<li><strong>Zutaten<\/strong>: Buttercreme.<\/li>\n<li><strong>Allergene<\/strong>: Milch.<\/li>\n<li><strong>Zertifizierung<\/strong>: CE-Stempel &#8211; IT K 7H2J CE.<\/li>\n<li><strong>Transport<\/strong>: unter 4 \u00b0 C lagern.<\/li>\n<li><strong>Mikrobiologische Eigenschaften<\/strong>: gem\u00e4\u00df den Bestimmungen der EG-Verordnung 2073-05 und nachfolgenden \u00c4nderungen.<\/li>\n<\/ul>\n<p>&nbsp;<\/p>\n<h6><strong>Verpackung<\/strong><\/h6>\n<ul>\n<li><strong>Produkt<\/strong>: Verpackungseinheit: 180 g Glas, Verpackungseinheit: 12 Gl\u00e4ser pro Karton.<\/li>\n<\/ul>\n","protected":false},"excerpt":{"rendered":"<p>Das traditionelle Butterkonservierungsverfahren.<\/p>\n","protected":false},"featured_media":4296,"template":"","meta":{"_et_pb_use_builder":"","_et_pb_old_content":"","_et_gb_content_width":""},"product_brand":[],"product_cat":[361],"product_tag":[],"class_list":{"0":"post-4295","1":"product","2":"type-product","3":"status-publish","4":"has-post-thumbnail","6":"product_cat-milch-joghurt-butter","8":"first","9":"instock","10":"taxable","11":"shipping-taxable","12":"purchasable","13":"product-type-variable"},"_links":{"self":[{"href":"https:\/\/www.fromagerie.it\/de\/wp-json\/wp\/v2\/product\/4295","targetHints":{"allow":["GET"]}}],"collection":[{"href":"https:\/\/www.fromagerie.it\/de\/wp-json\/wp\/v2\/product"}],"about":[{"href":"https:\/\/www.fromagerie.it\/de\/wp-json\/wp\/v2\/types\/product"}],"wp:featuredmedia":[{"embeddable":true,"href":"https:\/\/www.fromagerie.it\/de\/wp-json\/wp\/v2\/media\/4296"}],"wp:attachment":[{"href":"https:\/\/www.fromagerie.it\/de\/wp-json\/wp\/v2\/media?parent=4295"}],"wp:term":[{"taxonomy":"product_brand","embeddable":true,"href":"https:\/\/www.fromagerie.it\/de\/wp-json\/wp\/v2\/product_brand?post=4295"},{"taxonomy":"product_cat","embeddable":true,"href":"https:\/\/www.fromagerie.it\/de\/wp-json\/wp\/v2\/product_cat?post=4295"},{"taxonomy":"product_tag","embeddable":true,"href":"https:\/\/www.fromagerie.it\/de\/wp-json\/wp\/v2\/product_tag?post=4295"}],"curies":[{"name":"wp","href":"https:\/\/api.w.org\/{rel}","templated":true}]}}