{"id":3727,"date":"2018-08-03T16:22:08","date_gmt":"2018-08-03T14:22:08","guid":{"rendered":"http:\/\/new.fromagerie.it\/die-filosophie\/"},"modified":"2022-08-29T13:42:59","modified_gmt":"2022-08-29T11:42:59","slug":"die-filosophie","status":"publish","type":"page","link":"https:\/\/www.fromagerie.it\/de\/die-filosophie\/","title":{"rendered":"Die Filosophie"},"content":{"rendered":"<p>[et_pb_section fb_built=&#8221;1&#8243; _builder_version=&#8221;4.16&#8243; background_color=&#8221;#e8b10d&#8221; use_background_color_gradient=&#8221;on&#8221; background_color_gradient_stops=&#8221;#e8b10d 0%|#c99b04 100%&#8221; background_color_gradient_start=&#8221;#e8b10d&#8221; background_color_gradient_end=&#8221;#c99b04&#8243; custom_padding=&#8221;40px|0px|30px|0px|false|false&#8221; global_colors_info=&#8221;{}&#8221;][et_pb_row _builder_version=&#8221;4.16&#8243; background_size=&#8221;initial&#8221; background_position=&#8221;top_left&#8221; background_repeat=&#8221;repeat&#8221; use_custom_width=&#8221;on&#8221; custom_width_px=&#8221;1200px&#8221; global_colors_info=&#8221;{}&#8221;][et_pb_column type=&#8221;4_4&#8243; _builder_version=&#8221;4.16&#8243; custom_padding=&#8221;|||&#8221; global_colors_info=&#8221;{}&#8221; custom_padding__hover=&#8221;|||&#8221;][et_pb_text admin_label=&#8221;La filosofia&#8221; module_class=&#8221;titolopagina&#8221; _builder_version=&#8221;4.16&#8243; text_text_color=&#8221;#333333&#8243; header_text_color=&#8221;#ffffff&#8221; header_font_size=&#8221;65px&#8221; custom_margin=&#8221;||5px|&#8221; header_font_size_tablet=&#8221;55px&#8221; header_font_size_phone=&#8221;45px&#8221; header_font_size_last_edited=&#8221;on|phone&#8221; global_colors_info=&#8221;{}&#8221;]<\/p>\n<h1>Die Filosophie<\/h1>\n<p>[\/et_pb_text][\/et_pb_column][\/et_pb_row][\/et_pb_section][et_pb_section fb_built=&#8221;1&#8243; specialty=&#8221;on&#8221; background_color_2=&#8221;#f9f9f9&#8243; padding_right_2=&#8221;30px&#8221; padding_bottom_2=&#8221;30px&#8221; padding_left_2=&#8221;30px&#8221; padding_2_tablet=&#8221;20px|20px|0px|20px&#8221; padding_2_phone=&#8221;&#8221; padding_2_last_edited=&#8221;on|desktop&#8221; _builder_version=&#8221;4.16&#8243; global_colors_info=&#8221;{}&#8221;][et_pb_column type=&#8221;2_3&#8243; specialty_columns=&#8221;2&#8243; _builder_version=&#8221;4.16&#8243; custom_padding=&#8221;|||&#8221; global_colors_info=&#8221;{}&#8221; custom_padding__hover=&#8221;|||&#8221;][et_pb_row_inner admin_label=&#8221;Riga&#8221; _builder_version=&#8221;4.16&#8243; global_colors_info=&#8221;{}&#8221;][et_pb_column_inner saved_specialty_column_type=&#8221;2_3&#8243; _builder_version=&#8221;4.16&#8243; custom_padding=&#8221;|||&#8221; global_colors_info=&#8221;{}&#8221; custom_padding__hover=&#8221;|||&#8221;][et_pb_text admin_label=&#8221;Mission&#8221; module_class=&#8221;titoloparagrafo&#8221; _builder_version=&#8221;4.16&#8243; custom_margin=&#8221;||5px|&#8221; global_colors_info=&#8221;{}&#8221;]<\/p>\n<h2>Unsere Mission<\/h2>\n<p>[\/et_pb_text][et_pb_text admin_label=&#8221;Valorizzare la produzione&#8221; _builder_version=&#8221;4.16&#8243; custom_margin=&#8221;|||&#8221; global_colors_info=&#8221;{}&#8221;]Aufwertung der regionalen Landwirtschaft in all ihren Formen, Herstellung von hochwertigen Milcherzeugnissen und kontinuierliche Suche nach neuen Produkten, Prozessen und Leistungen, um die Tradition und die Werte der s\u00e4kularen landwirtschaftlichen Kultur des Aostatals zu bewahren.<br \/>\n[\/et_pb_text][\/et_pb_column_inner][\/et_pb_row_inner][et_pb_row_inner admin_label=&#8221;Riga&#8221; _builder_version=&#8221;4.16&#8243; global_colors_info=&#8221;{}&#8221;][et_pb_column_inner saved_specialty_column_type=&#8221;2_3&#8243; _builder_version=&#8221;4.16&#8243; custom_padding=&#8221;|||&#8221; global_colors_info=&#8221;{}&#8221; custom_padding__hover=&#8221;|||&#8221;][et_pb_video src=&#8221;https:\/\/www.youtube.com\/watch?v=s5n4vL1UeG0&#8243; _builder_version=&#8221;4.16&#8243; z_index_tablet=&#8221;500&#8243; box_shadow_horizontal_tablet=&#8221;0px&#8221; box_shadow_vertical_tablet=&#8221;0px&#8221; box_shadow_blur_tablet=&#8221;40px&#8221; box_shadow_spread_tablet=&#8221;0px&#8221; global_colors_info=&#8221;{}&#8221;][\/et_pb_video][\/et_pb_column_inner][\/et_pb_row_inner][et_pb_row_inner admin_label=&#8221;Riga&#8221; _builder_version=&#8221;4.16&#8243; global_colors_info=&#8221;{}&#8221;][et_pb_column_inner saved_specialty_column_type=&#8221;2_3&#8243; _builder_version=&#8221;4.16&#8243; custom_padding=&#8221;|||&#8221; global_colors_info=&#8221;{}&#8221; custom_padding__hover=&#8221;|||&#8221;][et_pb_text admin_label=&#8221;Ricette secolari e un pizzico di interpretazione personale&#8221; module_class=&#8221;titoloparagrafo&#8221; _builder_version=&#8221;4.16&#8243; custom_margin=&#8221;||5px|&#8221; global_colors_info=&#8221;{}&#8221;]<\/p>\n<h2>Jahrhunderte alte Rezepte pers\u00f6nlich interpretiert<\/h2>\n<p>[\/et_pb_text][et_pb_text admin_label=&#8221;Mangiare prodotti naturali&#8221; _builder_version=&#8221;4.16&#8243; custom_margin=&#8221;|||&#8221; global_colors_info=&#8221;{}&#8221;]Nur naturbelassene Produkte k\u00f6nnen unseren Gaumen so verf\u00fchren wie auch unser K\u00e4se und alle anderen Milchprodukte, die wir nach einem jahrhunderte alten Rezept herstellen. Unser pers\u00f6nliches Verfahren macht die Produkte einzigartig und besonders.<\/p>\n<p>Das Geheimnis ist in der Tat nicht das Rezept, sondern die sorgf\u00e4ltige Auswahl der besten Milch und die Leidenschaft und Zeit, die wir in unsere Arbeit stecken. Die Milchs\u00e4urebakterien und der Lab fermentieren langsam und verwandeln so die Milch ohne chemische Zus\u00e4tze.<br \/>\n[\/et_pb_text][\/et_pb_column_inner][\/et_pb_row_inner][et_pb_row_inner admin_label=&#8221;Riga&#8221; _builder_version=&#8221;4.16&#8243; global_colors_info=&#8221;{}&#8221;][et_pb_column_inner saved_specialty_column_type=&#8221;2_3&#8243; _builder_version=&#8221;4.16&#8243; custom_padding=&#8221;|||&#8221; global_colors_info=&#8221;{}&#8221; custom_padding__hover=&#8221;|||&#8221;][et_pb_video src=&#8221;https:\/\/www.youtube.com\/watch?v=DyaelQp_xM4&#8243; _builder_version=&#8221;4.16&#8243; z_index_tablet=&#8221;500&#8243; box_shadow_horizontal_tablet=&#8221;0px&#8221; box_shadow_vertical_tablet=&#8221;0px&#8221; box_shadow_blur_tablet=&#8221;40px&#8221; box_shadow_spread_tablet=&#8221;0px&#8221; global_colors_info=&#8221;{}&#8221;][\/et_pb_video][\/et_pb_column_inner][\/et_pb_row_inner][et_pb_row_inner admin_label=&#8221;Riga&#8221; _builder_version=&#8221;4.16&#8243; global_colors_info=&#8221;{}&#8221;][et_pb_column_inner saved_specialty_column_type=&#8221;2_3&#8243; _builder_version=&#8221;4.16&#8243; custom_padding=&#8221;|||&#8221; global_colors_info=&#8221;{}&#8221; custom_padding__hover=&#8221;|||&#8221;][et_pb_text admin_label=&#8221;Km\u00d8&#8221; module_class=&#8221;titoloparagrafo&#8221; _builder_version=&#8221;4.16&#8243; custom_margin=&#8221;||5px|&#8221; global_colors_info=&#8221;{}&#8221;]<\/p>\n<h2>Km zer\u00d8<\/h2>\n<p>[\/et_pb_text][et_pb_text admin_label=&#8221;La vetrina dei prodotti del territorio&#8221; _builder_version=&#8221;4.16&#8243; custom_margin=&#8221;|||&#8221; global_colors_info=&#8221;{}&#8221;]Das Angebot der lokalen Produkte, das bedeutet direkt vom Produzenten zum Endverbraucher finden Sie in unserem Direktverkauf oder in den Restaurants, die an der Initiative teilnehmen. Im Vordergrund steht es immer die landwirtschaftlichen Produkte der Region aufzuwerten, indem man die Rohstoffe (Milch, Fleisch\u2026) oder Endprodukte (K\u00e4se, Motsetta, Gem\u00fcse, Beeren, Honig\u2026) m\u00f6glichst wenige Kilometer \u201czur\u00fccklegen\u201c l\u00e4sst und dem Endverbraucher, insbesondere den Touristen, die M\u00f6glichkeit gibt das Beste der lokalen Lebensmittel und der Gastronomie kennenzulernen und zu genie\u00dfen.<br \/>\n[\/et_pb_text][\/et_pb_column_inner][\/et_pb_row_inner][et_pb_row_inner admin_label=&#8221;Riga&#8221; _builder_version=&#8221;4.16&#8243; global_colors_info=&#8221;{}&#8221;][et_pb_column_inner saved_specialty_column_type=&#8221;2_3&#8243; _builder_version=&#8221;4.16&#8243; custom_padding=&#8221;|||&#8221; global_colors_info=&#8221;{}&#8221; custom_padding__hover=&#8221;|||&#8221;][et_pb_video src=&#8221;https:\/\/www.youtube.com\/watch?v=6zO85yp7iU8&#038;t=138s&#8221; _builder_version=&#8221;4.16&#8243; z_index_tablet=&#8221;500&#8243; box_shadow_horizontal_tablet=&#8221;0px&#8221; box_shadow_vertical_tablet=&#8221;0px&#8221; box_shadow_blur_tablet=&#8221;40px&#8221; box_shadow_spread_tablet=&#8221;0px&#8221; global_colors_info=&#8221;{}&#8221;][\/et_pb_video][\/et_pb_column_inner][\/et_pb_row_inner][et_pb_row_inner admin_label=&#8221;Riga&#8221; _builder_version=&#8221;4.16&#8243; global_colors_info=&#8221;{}&#8221;][et_pb_column_inner saved_specialty_column_type=&#8221;2_3&#8243; _builder_version=&#8221;4.16&#8243; custom_padding=&#8221;|||&#8221; global_colors_info=&#8221;{}&#8221; custom_padding__hover=&#8221;|||&#8221;][et_pb_text admin_label=&#8221;Azienda certificata ISO 9001:2008&#8243; module_class=&#8221;titoloparagrafo&#8221; _builder_version=&#8221;4.16&#8243; custom_margin=&#8221;||5px|&#8221; global_colors_info=&#8221;{}&#8221;]<\/p>\n<h2>ISO 9001:2000 kontrolliertes Unternehmen<\/h2>\n<p>[\/et_pb_text][et_pb_text admin_label=&#8221;Non abbiamo scelto di diventare&#8221; _builder_version=&#8221;4.16&#8243; custom_margin=&#8221;|||&#8221; global_colors_info=&#8221;{}&#8221;]Die Abk\u00fcrzung ISO 9001 legt die Mindestanforderungen an ein Qualit\u00e4tsmanagementsystem fest, denen eine Organisation zu gen\u00fcgen hat, um Produkte und Dienstleistungen bereitstellen zu k\u00f6nnen, welche die Kundenerwartungen sowie allf\u00e4llige beh\u00f6rdliche Anforderungen erf\u00fcllen. Zugleich soll das Managementsystem einem stetigen Verbesserungsprozess unterliegen.<br \/>\n[\/et_pb_text][\/et_pb_column_inner][\/et_pb_row_inner][\/et_pb_column][et_pb_column type=&#8221;1_3&#8243; _builder_version=&#8221;4.16&#8243; custom_padding=&#8221;|||&#8221; global_colors_info=&#8221;{}&#8221; custom_padding__hover=&#8221;|||&#8221;][et_pb_text admin_label=&#8221;Titolo del paragrafo&#8221; _builder_version=&#8221;4.16&#8243; text_font_size=&#8221;30px&#8221; header_font_size=&#8221;49px&#8221; header_2_font_size=&#8221;30px&#8221; custom_margin=&#8221;10px||20px|&#8221; saved_tabs=&#8221;all&#8221; global_colors_info=&#8221;{}&#8221;]<\/p>\n<h2 style=\"text-align: center;\">Ausgew\u00e4hlte Produkte<\/h2>\n<p>[\/et_pb_text][et_pb_shop type=&#8221;product_category&#8221; posts_number=&#8221;2&#8243; include_categories=&#8221;359,360,361&#8243; columns_number=&#8221;1&#8243; orderby=&#8221;rand&#8221; _builder_version=&#8221;4.16&#8243; custom_margin=&#8221;||0px|&#8221; custom_margin_tablet=&#8221;&#8221; custom_margin_phone=&#8221;&#8221; custom_margin_last_edited=&#8221;on|phone&#8221; saved_tabs=&#8221;all&#8221; global_colors_info=&#8221;{}&#8221;]&nbsp;<br \/>\n[\/et_pb_shop][et_pb_button button_url=&#8221;\/de\/negozio&#8221; button_text=&#8221;Alle Produkte&#8221; button_alignment=&#8221;center&#8221; module_class=&#8221;pulsante&#8221; _builder_version=&#8221;4.16&#8243; custom_button=&#8221;on&#8221; button_text_size=&#8221;18&#8243; button_text_color=&#8221;#ffffff&#8221; button_bg_color=&#8221;#B5452C&#8221; button_border_width=&#8221;0&#8243; button_border_color=&#8221;#53ad51&#8243; button_border_radius=&#8221;0px&#8221; button_icon=&#8221;&#xe013;||divi||400&#8243; custom_margin=&#8221;||30px|&#8221; saved_tabs=&#8221;all&#8221; global_colors_info=&#8221;{}&#8221; button_text_size__hover_enabled=&#8221;off&#8221; button_text_size__hover=&#8221;null&#8221; button_one_text_size__hover_enabled=&#8221;off&#8221; button_one_text_size__hover=&#8221;null&#8221; button_two_text_size__hover_enabled=&#8221;off&#8221; button_two_text_size__hover=&#8221;null&#8221; button_text_color__hover_enabled=&#8221;off&#8221; button_text_color__hover=&#8221;null&#8221; button_one_text_color__hover_enabled=&#8221;off&#8221; button_one_text_color__hover=&#8221;null&#8221; button_two_text_color__hover_enabled=&#8221;off&#8221; button_two_text_color__hover=&#8221;null&#8221; button_border_width__hover_enabled=&#8221;off&#8221; button_border_width__hover=&#8221;null&#8221; button_one_border_width__hover_enabled=&#8221;off&#8221; button_one_border_width__hover=&#8221;null&#8221; button_two_border_width__hover_enabled=&#8221;off&#8221; button_two_border_width__hover=&#8221;null&#8221; button_border_color__hover_enabled=&#8221;off&#8221; button_border_color__hover=&#8221;null&#8221; button_one_border_color__hover_enabled=&#8221;off&#8221; button_one_border_color__hover=&#8221;null&#8221; button_two_border_color__hover_enabled=&#8221;off&#8221; button_two_border_color__hover=&#8221;null&#8221; button_border_radius__hover_enabled=&#8221;off&#8221; button_border_radius__hover=&#8221;null&#8221; button_one_border_radius__hover_enabled=&#8221;off&#8221; button_one_border_radius__hover=&#8221;null&#8221; button_two_border_radius__hover_enabled=&#8221;off&#8221; button_two_border_radius__hover=&#8221;null&#8221; button_letter_spacing__hover_enabled=&#8221;off&#8221; button_letter_spacing__hover=&#8221;null&#8221; button_one_letter_spacing__hover_enabled=&#8221;off&#8221; button_one_letter_spacing__hover=&#8221;null&#8221; button_two_letter_spacing__hover_enabled=&#8221;off&#8221; button_two_letter_spacing__hover=&#8221;null&#8221; button_bg_color__hover_enabled=&#8221;off&#8221; button_bg_color__hover=&#8221;null&#8221; button_one_bg_color__hover_enabled=&#8221;off&#8221; button_one_bg_color__hover=&#8221;null&#8221; button_two_bg_color__hover_enabled=&#8221;off&#8221; button_two_bg_color__hover=&#8221;null&#8221;]&nbsp;<br \/>\n[\/et_pb_button][\/et_pb_column][\/et_pb_section]<\/p>\n","protected":false},"excerpt":{"rendered":"<p>Die Filosophie Unsere Mission Aufwertung der regionalen Landwirtschaft in all ihren Formen, Herstellung von hochwertigen Milcherzeugnissen und kontinuierliche Suche nach neuen Produkten, Prozessen und Leistungen, um die Tradition und die Werte der s\u00e4kularen landwirtschaftlichen Kultur des Aostatals zu bewahren. Jahrhunderte alte Rezepte pers\u00f6nlich interpretiert Nur naturbelassene Produkte k\u00f6nnen unseren Gaumen so verf\u00fchren wie auch unser [&hellip;]<\/p>\n","protected":false},"author":1,"featured_media":0,"parent":0,"menu_order":0,"comment_status":"closed","ping_status":"open","template":"","meta":{"_et_pb_use_builder":"on","_et_pb_old_content":"[woocommerce_product_search]","_et_gb_content_width":"","footnotes":""},"class_list":["post-3727","page","type-page","status-publish","hentry"],"_links":{"self":[{"href":"https:\/\/www.fromagerie.it\/de\/wp-json\/wp\/v2\/pages\/3727","targetHints":{"allow":["GET"]}}],"collection":[{"href":"https:\/\/www.fromagerie.it\/de\/wp-json\/wp\/v2\/pages"}],"about":[{"href":"https:\/\/www.fromagerie.it\/de\/wp-json\/wp\/v2\/types\/page"}],"author":[{"embeddable":true,"href":"https:\/\/www.fromagerie.it\/de\/wp-json\/wp\/v2\/users\/1"}],"replies":[{"embeddable":true,"href":"https:\/\/www.fromagerie.it\/de\/wp-json\/wp\/v2\/comments?post=3727"}],"version-history":[{"count":2,"href":"https:\/\/www.fromagerie.it\/de\/wp-json\/wp\/v2\/pages\/3727\/revisions"}],"predecessor-version":[{"id":8484,"href":"https:\/\/www.fromagerie.it\/de\/wp-json\/wp\/v2\/pages\/3727\/revisions\/8484"}],"wp:attachment":[{"href":"https:\/\/www.fromagerie.it\/de\/wp-json\/wp\/v2\/media?parent=3727"}],"curies":[{"name":"wp","href":"https:\/\/api.w.org\/{rel}","templated":true}]}}